{"id":251613,"date":"2024-04-03T12:06:56","date_gmt":"2024-04-03T10:06:56","guid":{"rendered":"https:\/\/www.ecomstream.eu\/betaalmethoden\/wechat-pay\/"},"modified":"2024-04-03T12:06:57","modified_gmt":"2024-04-03T10:06:57","slug":"wechat-pay","status":"publish","type":"page","link":"https:\/\/www.ecomstream.eu\/nl\/betaalmethoden\/wechat-pay\/","title":{"rendered":"WeChat Pay"},"content":{"rendered":"<p>[et_pb_section fb_built=&#8221;1&#8243; _builder_version=&#8221;4.16&#8243; da_disable_devices=&#8221;off|off|off&#8221; global_colors_info=&#8221;{}&#8221; da_is_popup=&#8221;off&#8221; da_exit_intent=&#8221;off&#8221; da_has_close=&#8221;on&#8221; da_alt_close=&#8221;off&#8221; da_dark_close=&#8221;off&#8221; da_not_modal=&#8221;on&#8221; da_is_singular=&#8221;off&#8221; da_with_loader=&#8221;off&#8221; da_has_shadow=&#8221;on&#8221;][et_pb_row _builder_version=&#8221;4.16&#8243; background_size=&#8221;initial&#8221; background_position=&#8221;top_left&#8221; background_repeat=&#8221;repeat&#8221; custom_padding=&#8221;27px|0px|27px|0px|false|false&#8221; global_colors_info=&#8221;{}&#8221;][et_pb_column type=&#8221;4_4&#8243; _builder_version=&#8221;4.16&#8243; custom_padding=&#8221;|||&#8221; global_colors_info=&#8221;{}&#8221; custom_padding__hover=&#8221;|||&#8221;][et_pb_text _builder_version=&#8221;4.24.2&#8243; text_font=&#8221;||||||||&#8221; text_font_size=&#8221;24px&#8221; text_line_height=&#8221;1.3em&#8221; background_size=&#8221;initial&#8221; background_position=&#8221;top_left&#8221; background_repeat=&#8221;repeat&#8221; hover_enabled=&#8221;0&#8243; text_font_size_tablet=&#8221;&#8221; text_font_size_phone=&#8221;18px&#8221; text_font_size_last_edited=&#8221;on|phone&#8221; global_colors_info=&#8221;{}&#8221; sticky_enabled=&#8221;0&#8243;]<\/p>\n<h1><strong>WeChat Pay<\/strong><\/h1>\n<p>&nbsp;<\/p>\n<p>Tencent, het belangrijkste internetbedrijf van China, biedt een breed spectrum aan web- en mobiele producten op het gebied van sociale netwerken, communicatie, media, games en financi\u00ebn.<\/p>\n<p>WeChat, een toonaangevende mobiele applicatie die eigendom is van Tencent, heeft meer dan 1 miljard maandelijkse actieve gebruikers. Met meer dan 900 miljoen gebruikers is WeChat Pay uitgegroeid tot een belangrijke digitale wallet die verbonden is met de WeChat superapp en die diverse betalingsmogelijkheden biedt voor bedrijven die zich richten op Chinese consumenten in binnen- en buitenland.<\/p>\n<p>WeChat heeft zich ontwikkeld tot een veelzijdig ecosysteem dat gebruikers in staat stelt om te chatten, browsen en betalingen te doen binnen \u00e9\u00e9n platform, waarbij sociale interacties naadloos overgaan in shopping ervaringen.<\/p>\n<p>&nbsp;<\/p>\n<p><strong>Deze betaalmethode kan relevant zijn voor uw bedrijf als u verkoopt aan klanten in de volgende landen of regio&#8217;s:<\/strong><\/p>\n<p>China, Australi\u00eb, Oostenrijk, Belgi\u00eb, Cambodja, Canada, Denemarken, Finland, Frankrijk, Duitsland, Griekenland, Nederland, Hongkong, Hongarije, IJsland, Indonesi\u00eb, Ierland, Isra\u00ebl, Itali\u00eb, Japan, Kazachstan, Kenia, Laos, Liechtenstein, Luxemburg, Macau, Maleisi\u00eb, Maldiven, Malta, Myanmar, Nepal, Nieuw-Zeeland, Noorwegen, Pakistan, Filipijnen, Portugal, Rusland, Singapore, Zuid-Korea, Spanje, Sri Lanka, Zweden, Zwitserland, Taiwan, Thailand, Turkije, Verenigde Arabische Emiraten, Verenigd Koninkrijk, Verenigde Staten, Vietnam.<\/p>\n<p>&nbsp;<\/p>\n<p>&nbsp;<\/p>\n<p>[\/et_pb_text][et_pb_button button_url=&#8221;https:\/\/www.ecomstream.eu\/nl\/betaalmethoden\/&#8221; button_text=&#8221;Check een andere betaalmethode&#8221; button_alignment=&#8221;right&#8221; _builder_version=&#8221;4.24.2&#8243; custom_button=&#8221;on&#8221; button_text_size=&#8221;22&#8243; button_text_color=&#8221;#ffffff&#8221; button_bg_color=&#8221;#60e52b&#8221; button_border_width=&#8221;1&#8243; button_border_radius=&#8221;1&#8243; button_font=&#8221;||||||||&#8221; button_icon=&#8221;&#x70;||divi||400&#8243; button_icon_placement=&#8221;left&#8221; custom_margin=&#8221;0px||||false|false&#8221; custom_margin_tablet=&#8221;&#8221; custom_margin_phone=&#8221;150px||||false|false&#8221; custom_margin_last_edited=&#8221;on|desktop&#8221; custom_padding=&#8221;|||&#8221; animation_style=&#8221;zoom&#8221; box_shadow_style=&#8221;preset3&#8243; box_shadow_vertical=&#8221;28px&#8221; box_shadow_blur=&#8221;22px&#8221; box_shadow_spread=&#8221;-5px&#8221; button_border_radius_hover=&#8221;4&#8243; saved_tabs=&#8221;all&#8221; global_colors_info=&#8221;{}&#8221; button_text_size__hover_enabled=&#8221;off&#8221; button_one_text_size__hover_enabled=&#8221;off&#8221; button_two_text_size__hover_enabled=&#8221;off&#8221; button_text_color__hover_enabled=&#8221;off&#8221; button_one_text_color__hover_enabled=&#8221;off&#8221; button_two_text_color__hover_enabled=&#8221;off&#8221; button_border_width__hover_enabled=&#8221;off&#8221; button_one_border_width__hover_enabled=&#8221;off&#8221; button_two_border_width__hover_enabled=&#8221;off&#8221; button_border_color__hover_enabled=&#8221;off&#8221; button_one_border_color__hover_enabled=&#8221;off&#8221; button_two_border_color__hover_enabled=&#8221;off&#8221; button_border_radius__hover_enabled=&#8221;on&#8221; button_border_radius__hover=&#8221;4&#8243; button_one_border_radius__hover_enabled=&#8221;off&#8221; button_two_border_radius__hover_enabled=&#8221;off&#8221; button_letter_spacing__hover_enabled=&#8221;off&#8221; button_one_letter_spacing__hover_enabled=&#8221;off&#8221; button_two_letter_spacing__hover_enabled=&#8221;off&#8221; button_bg_color__hover_enabled=&#8221;off&#8221; button_one_bg_color__hover_enabled=&#8221;off&#8221; button_two_bg_color__hover_enabled=&#8221;off&#8221;]<\/p>\n<p>[\/et_pb_button][\/et_pb_column][\/et_pb_row][\/et_pb_section][et_pb_section fb_built=&#8221;1&#8243; admin_label=&#8221;Popup &#8211; #my-popup7&#8243; module_id=&#8221;my-popup7&#8243; module_class=&#8221;popup single&#8221; _builder_version=&#8221;4.16&#8243; _module_preset=&#8221;default&#8221; da_is_popup=&#8221;on&#8221; da_popup_slug=&#8221;my-popup7&#8243; da_is_singular=&#8221;on&#8221; da_disable_devices=&#8221;off|off|off&#8221; locked=&#8221;off&#8221; global_colors_info=&#8221;{}&#8221; da_exit_intent=&#8221;off&#8221; da_has_close=&#8221;on&#8221; da_alt_close=&#8221;off&#8221; da_dark_close=&#8221;off&#8221; da_not_modal=&#8221;on&#8221; da_with_loader=&#8221;off&#8221; da_has_shadow=&#8221;on&#8221;][et_pb_row _builder_version=&#8221;4.16&#8243; _module_preset=&#8221;default&#8221; global_colors_info=&#8221;{}&#8221;][et_pb_column type=&#8221;4_4&#8243; _builder_version=&#8221;4.16&#8243; _module_preset=&#8221;default&#8221; global_colors_info=&#8221;{}&#8221;][et_pb_contact_form use_spam_service=&#8221;on&#8221; recaptcha_list=&#8221;EcomStream|EcomStream-0&#8243; email=&#8221;ramon@ecomstream.nl&#8221; title=&#8221;I would like to get a free \ud83d\udcde consultation about your services&#8221; success_message=&#8221;Thank you. You will be contacted within 48 hours. Have a great day! &#8221; _builder_version=&#8221;4.16&#8243; _module_preset=&#8221;default&#8221; _unique_id=&#8221;2b080173-4599-477f-994c-cf46478d77ad&#8221; title_text_align=&#8221;center&#8221; title_line_height=&#8221;1.5em&#8221; global_colors_info=&#8221;{}&#8221;][et_pb_contact_field field_id=&#8221;Name&#8221; field_title=&#8221;Naam&#8221; _builder_version=&#8221;4.16&#8243; global_colors_info=&#8221;{}&#8221; button_text_size__hover_enabled=&#8221;off&#8221; button_one_text_size__hover_enabled=&#8221;off&#8221; button_two_text_size__hover_enabled=&#8221;off&#8221; button_text_color__hover_enabled=&#8221;off&#8221; button_one_text_color__hover_enabled=&#8221;off&#8221; button_two_text_color__hover_enabled=&#8221;off&#8221; button_border_width__hover_enabled=&#8221;off&#8221; button_one_border_width__hover_enabled=&#8221;off&#8221; button_two_border_width__hover_enabled=&#8221;off&#8221; button_border_color__hover_enabled=&#8221;off&#8221; button_one_border_color__hover_enabled=&#8221;off&#8221; button_two_border_color__hover_enabled=&#8221;off&#8221; button_border_radius__hover_enabled=&#8221;off&#8221; button_one_border_radius__hover_enabled=&#8221;off&#8221; button_two_border_radius__hover_enabled=&#8221;off&#8221; button_letter_spacing__hover_enabled=&#8221;off&#8221; button_one_letter_spacing__hover_enabled=&#8221;off&#8221; button_two_letter_spacing__hover_enabled=&#8221;off&#8221; button_bg_color__hover_enabled=&#8221;off&#8221; button_one_bg_color__hover_enabled=&#8221;off&#8221; button_two_bg_color__hover_enabled=&#8221;off&#8221;][\/et_pb_contact_field][et_pb_contact_field field_id=&#8221;Email&#8221; field_title=&#8221;E-mailadres&#8221; field_type=&#8221;email&#8221; _builder_version=&#8221;4.16&#8243; global_colors_info=&#8221;{}&#8221; button_text_size__hover_enabled=&#8221;off&#8221; button_one_text_size__hover_enabled=&#8221;off&#8221; button_two_text_size__hover_enabled=&#8221;off&#8221; button_text_color__hover_enabled=&#8221;off&#8221; button_one_text_color__hover_enabled=&#8221;off&#8221; button_two_text_color__hover_enabled=&#8221;off&#8221; button_border_width__hover_enabled=&#8221;off&#8221; button_one_border_width__hover_enabled=&#8221;off&#8221; button_two_border_width__hover_enabled=&#8221;off&#8221; button_border_color__hover_enabled=&#8221;off&#8221; button_one_border_color__hover_enabled=&#8221;off&#8221; button_two_border_color__hover_enabled=&#8221;off&#8221; button_border_radius__hover_enabled=&#8221;off&#8221; button_one_border_radius__hover_enabled=&#8221;off&#8221; button_two_border_radius__hover_enabled=&#8221;off&#8221; button_letter_spacing__hover_enabled=&#8221;off&#8221; button_one_letter_spacing__hover_enabled=&#8221;off&#8221; button_two_letter_spacing__hover_enabled=&#8221;off&#8221; button_bg_color__hover_enabled=&#8221;off&#8221; button_one_bg_color__hover_enabled=&#8221;off&#8221; button_two_bg_color__hover_enabled=&#8221;off&#8221;][\/et_pb_contact_field][et_pb_contact_field field_id=&#8221;message&#8221; field_title=&#8221;Bericht (optioneel)&#8221; required_mark=&#8221;off&#8221; fullwidth_field=&#8221;on&#8221; _builder_version=&#8221;4.16&#8243; _module_preset=&#8221;default&#8221; global_colors_info=&#8221;{}&#8221;][\/et_pb_contact_field][\/et_pb_contact_form][\/et_pb_column][\/et_pb_row][\/et_pb_section]<\/p>\n","protected":false},"excerpt":{"rendered":"<p>WeChat Pay &nbsp; Tencent, het belangrijkste internetbedrijf van China, biedt een breed spectrum aan web- en mobiele producten op het gebied van sociale netwerken, communicatie, media, games en financi\u00ebn. WeChat, een toonaangevende mobiele applicatie die eigendom is van Tencent, heeft meer dan 1 miljard maandelijkse actieve gebruikers. Met meer dan 900 miljoen gebruikers is WeChat [&hellip;]<\/p>\n","protected":false},"author":1,"featured_media":0,"parent":251410,"menu_order":0,"comment_status":"closed","ping_status":"closed","template":"","meta":{"_et_pb_use_builder":"on","_et_pb_old_content":"","_et_gb_content_width":"","footnotes":""},"class_list":["post-251613","page","type-page","status-publish","hentry"],"yoast_head":"<!-- This site is optimized with the Yoast SEO plugin v27.4 - https:\/\/yoast.com\/product\/yoast-seo-wordpress\/ -->\n<title>WeChat Pay<\/title>\n<meta name=\"description\" content=\"WeChat, een toonaangevende mobiele applicatie die eigendom is van Tencent, heeft meer dan 1 miljard maandelijkse actieve gebruikers. Met meer dan 900 miljoen gebruikers is WeChat Pay uitgegroeid tot een belangrijke digitale wallet die verbonden is met de WeChat superapp en die diverse betalingsmogelijkheden biedt voor bedrijven die zich richten op Chinese consumenten in binnen- en buitenland.\" \/>\n<meta name=\"robots\" content=\"index, follow, max-snippet:-1, max-image-preview:large, max-video-preview:-1\" \/>\n<link rel=\"canonical\" href=\"https:\/\/www.ecomstream.eu\/nl\/betaalmethoden\/wechat-pay\/\" \/>\n<meta property=\"og:locale\" content=\"nl_NL\" \/>\n<meta property=\"og:type\" content=\"article\" \/>\n<meta property=\"og:title\" content=\"WeChat Pay\" \/>\n<meta property=\"og:description\" content=\"WeChat, een toonaangevende mobiele applicatie die eigendom is van Tencent, heeft meer dan 1 miljard maandelijkse actieve gebruikers. Met meer dan 900 miljoen gebruikers is WeChat Pay uitgegroeid tot een belangrijke digitale wallet die verbonden is met de WeChat superapp en die diverse betalingsmogelijkheden biedt voor bedrijven die zich richten op Chinese consumenten in binnen- en buitenland.\" \/>\n<meta property=\"og:url\" content=\"https:\/\/www.ecomstream.eu\/nl\/betaalmethoden\/wechat-pay\/\" \/>\n<meta property=\"og:site_name\" content=\"EcomStream\" \/>\n<meta property=\"article:modified_time\" content=\"2024-04-03T10:06:57+00:00\" \/>\n<meta property=\"og:image\" content=\"https:\/\/www.ecomstream.eu\/wp-content\/uploads\/EcomStream_logo_png.png\" \/>\n\t<meta property=\"og:image:width\" content=\"2614\" \/>\n\t<meta property=\"og:image:height\" content=\"1100\" \/>\n\t<meta property=\"og:image:type\" content=\"image\/png\" \/>\n<meta name=\"twitter:card\" content=\"summary_large_image\" \/>\n<meta name=\"twitter:site\" content=\"@EcomStream\" \/>\n<meta name=\"twitter:label1\" content=\"Geschatte leestijd\" \/>\n\t<meta name=\"twitter:data1\" content=\"6 minuten\" \/>\n<script type=\"application\/ld+json\" class=\"yoast-schema-graph\">{\"@context\":\"https:\\\/\\\/schema.org\",\"@graph\":[{\"@type\":\"WebPage\",\"@id\":\"https:\\\/\\\/www.ecomstream.eu\\\/nl\\\/betaalmethoden\\\/wechat-pay\\\/\",\"url\":\"https:\\\/\\\/www.ecomstream.eu\\\/nl\\\/betaalmethoden\\\/wechat-pay\\\/\",\"name\":\"WeChat Pay\",\"isPartOf\":{\"@id\":\"https:\\\/\\\/www.ecomstream.eu\\\/nl\\\/#website\"},\"datePublished\":\"2024-04-03T10:06:56+00:00\",\"dateModified\":\"2024-04-03T10:06:57+00:00\",\"description\":\"WeChat, een toonaangevende mobiele applicatie die eigendom is van Tencent, heeft meer dan 1 miljard maandelijkse actieve gebruikers. Met meer dan 900 miljoen gebruikers is WeChat Pay uitgegroeid tot een belangrijke digitale wallet die verbonden is met de WeChat superapp en die diverse betalingsmogelijkheden biedt voor bedrijven die zich richten op Chinese consumenten in binnen- en buitenland.\",\"breadcrumb\":{\"@id\":\"https:\\\/\\\/www.ecomstream.eu\\\/nl\\\/betaalmethoden\\\/wechat-pay\\\/#breadcrumb\"},\"inLanguage\":\"nl-NL\",\"potentialAction\":[{\"@type\":\"ReadAction\",\"target\":[\"https:\\\/\\\/www.ecomstream.eu\\\/nl\\\/betaalmethoden\\\/wechat-pay\\\/\"]}]},{\"@type\":\"BreadcrumbList\",\"@id\":\"https:\\\/\\\/www.ecomstream.eu\\\/nl\\\/betaalmethoden\\\/wechat-pay\\\/#breadcrumb\",\"itemListElement\":[{\"@type\":\"ListItem\",\"position\":1,\"name\":\"Home\",\"item\":\"https:\\\/\\\/www.ecomstream.eu\\\/nl\\\/optimalisatie-van-betaaloplossingen-2-2\\\/\"},{\"@type\":\"ListItem\",\"position\":2,\"name\":\"Betaalmethoden\",\"item\":\"https:\\\/\\\/www.ecomstream.eu\\\/nl\\\/betaalmethoden\\\/\"},{\"@type\":\"ListItem\",\"position\":3,\"name\":\"WeChat Pay\"}]},{\"@type\":\"WebSite\",\"@id\":\"https:\\\/\\\/www.ecomstream.eu\\\/nl\\\/#website\",\"url\":\"https:\\\/\\\/www.ecomstream.eu\\\/nl\\\/\",\"name\":\"EcomStream\",\"description\":\"Payments Optimization - Sell More &amp; Pay Less\",\"publisher\":{\"@id\":\"https:\\\/\\\/www.ecomstream.eu\\\/nl\\\/#organization\"},\"potentialAction\":[{\"@type\":\"SearchAction\",\"target\":{\"@type\":\"EntryPoint\",\"urlTemplate\":\"https:\\\/\\\/www.ecomstream.eu\\\/nl\\\/?s={search_term_string}\"},\"query-input\":{\"@type\":\"PropertyValueSpecification\",\"valueRequired\":true,\"valueName\":\"search_term_string\"}}],\"inLanguage\":\"nl-NL\"},{\"@type\":\"Organization\",\"@id\":\"https:\\\/\\\/www.ecomstream.eu\\\/nl\\\/#organization\",\"name\":\"EcomStream\",\"url\":\"https:\\\/\\\/www.ecomstream.eu\\\/nl\\\/\",\"logo\":{\"@type\":\"ImageObject\",\"inLanguage\":\"nl-NL\",\"@id\":\"https:\\\/\\\/www.ecomstream.eu\\\/nl\\\/#\\\/schema\\\/logo\\\/image\\\/\",\"url\":\"https:\\\/\\\/www.ecomstream.eu\\\/wp-content\\\/uploads\\\/cropped-icon-EcomStream.png\",\"contentUrl\":\"https:\\\/\\\/www.ecomstream.eu\\\/wp-content\\\/uploads\\\/cropped-icon-EcomStream.png\",\"width\":512,\"height\":512,\"caption\":\"EcomStream\"},\"image\":{\"@id\":\"https:\\\/\\\/www.ecomstream.eu\\\/nl\\\/#\\\/schema\\\/logo\\\/image\\\/\"},\"sameAs\":[\"https:\\\/\\\/x.com\\\/EcomStream\",\"https:\\\/\\\/www.instagram.com\\\/ecomstream.eu\\\/\",\"https:\\\/\\\/www.linkedin.com\\\/company\\\/25017881\\\/\",\"https:\\\/\\\/www.youtube.com\\\/watch?v=4jWi9TdmQVs\"]}]}<\/script>\n<!-- \/ Yoast SEO plugin. -->","yoast_head_json":{"title":"WeChat Pay","description":"WeChat, een toonaangevende mobiele applicatie die eigendom is van Tencent, heeft meer dan 1 miljard maandelijkse actieve gebruikers. Met meer dan 900 miljoen gebruikers is WeChat Pay uitgegroeid tot een belangrijke digitale wallet die verbonden is met de WeChat superapp en die diverse betalingsmogelijkheden biedt voor bedrijven die zich richten op Chinese consumenten in binnen- en buitenland.","robots":{"index":"index","follow":"follow","max-snippet":"max-snippet:-1","max-image-preview":"max-image-preview:large","max-video-preview":"max-video-preview:-1"},"canonical":"https:\/\/www.ecomstream.eu\/nl\/betaalmethoden\/wechat-pay\/","og_locale":"nl_NL","og_type":"article","og_title":"WeChat Pay","og_description":"WeChat, een toonaangevende mobiele applicatie die eigendom is van Tencent, heeft meer dan 1 miljard maandelijkse actieve gebruikers. Met meer dan 900 miljoen gebruikers is WeChat Pay uitgegroeid tot een belangrijke digitale wallet die verbonden is met de WeChat superapp en die diverse betalingsmogelijkheden biedt voor bedrijven die zich richten op Chinese consumenten in binnen- en buitenland.","og_url":"https:\/\/www.ecomstream.eu\/nl\/betaalmethoden\/wechat-pay\/","og_site_name":"EcomStream","article_modified_time":"2024-04-03T10:06:57+00:00","og_image":[{"width":2614,"height":1100,"url":"https:\/\/www.ecomstream.eu\/wp-content\/uploads\/EcomStream_logo_png.png","type":"image\/png"}],"twitter_card":"summary_large_image","twitter_site":"@EcomStream","twitter_misc":{"Geschatte leestijd":"6 minuten"},"schema":{"@context":"https:\/\/schema.org","@graph":[{"@type":"WebPage","@id":"https:\/\/www.ecomstream.eu\/nl\/betaalmethoden\/wechat-pay\/","url":"https:\/\/www.ecomstream.eu\/nl\/betaalmethoden\/wechat-pay\/","name":"WeChat Pay","isPartOf":{"@id":"https:\/\/www.ecomstream.eu\/nl\/#website"},"datePublished":"2024-04-03T10:06:56+00:00","dateModified":"2024-04-03T10:06:57+00:00","description":"WeChat, een toonaangevende mobiele applicatie die eigendom is van Tencent, heeft meer dan 1 miljard maandelijkse actieve gebruikers. Met meer dan 900 miljoen gebruikers is WeChat Pay uitgegroeid tot een belangrijke digitale wallet die verbonden is met de WeChat superapp en die diverse betalingsmogelijkheden biedt voor bedrijven die zich richten op Chinese consumenten in binnen- en buitenland.","breadcrumb":{"@id":"https:\/\/www.ecomstream.eu\/nl\/betaalmethoden\/wechat-pay\/#breadcrumb"},"inLanguage":"nl-NL","potentialAction":[{"@type":"ReadAction","target":["https:\/\/www.ecomstream.eu\/nl\/betaalmethoden\/wechat-pay\/"]}]},{"@type":"BreadcrumbList","@id":"https:\/\/www.ecomstream.eu\/nl\/betaalmethoden\/wechat-pay\/#breadcrumb","itemListElement":[{"@type":"ListItem","position":1,"name":"Home","item":"https:\/\/www.ecomstream.eu\/nl\/optimalisatie-van-betaaloplossingen-2-2\/"},{"@type":"ListItem","position":2,"name":"Betaalmethoden","item":"https:\/\/www.ecomstream.eu\/nl\/betaalmethoden\/"},{"@type":"ListItem","position":3,"name":"WeChat Pay"}]},{"@type":"WebSite","@id":"https:\/\/www.ecomstream.eu\/nl\/#website","url":"https:\/\/www.ecomstream.eu\/nl\/","name":"EcomStream","description":"Payments Optimization - Sell More &amp; Pay Less","publisher":{"@id":"https:\/\/www.ecomstream.eu\/nl\/#organization"},"potentialAction":[{"@type":"SearchAction","target":{"@type":"EntryPoint","urlTemplate":"https:\/\/www.ecomstream.eu\/nl\/?s={search_term_string}"},"query-input":{"@type":"PropertyValueSpecification","valueRequired":true,"valueName":"search_term_string"}}],"inLanguage":"nl-NL"},{"@type":"Organization","@id":"https:\/\/www.ecomstream.eu\/nl\/#organization","name":"EcomStream","url":"https:\/\/www.ecomstream.eu\/nl\/","logo":{"@type":"ImageObject","inLanguage":"nl-NL","@id":"https:\/\/www.ecomstream.eu\/nl\/#\/schema\/logo\/image\/","url":"https:\/\/www.ecomstream.eu\/wp-content\/uploads\/cropped-icon-EcomStream.png","contentUrl":"https:\/\/www.ecomstream.eu\/wp-content\/uploads\/cropped-icon-EcomStream.png","width":512,"height":512,"caption":"EcomStream"},"image":{"@id":"https:\/\/www.ecomstream.eu\/nl\/#\/schema\/logo\/image\/"},"sameAs":["https:\/\/x.com\/EcomStream","https:\/\/www.instagram.com\/ecomstream.eu\/","https:\/\/www.linkedin.com\/company\/25017881\/","https:\/\/www.youtube.com\/watch?v=4jWi9TdmQVs"]}]}},"_links":{"self":[{"href":"https:\/\/www.ecomstream.eu\/nl\/wp-json\/wp\/v2\/pages\/251613","targetHints":{"allow":["GET"]}}],"collection":[{"href":"https:\/\/www.ecomstream.eu\/nl\/wp-json\/wp\/v2\/pages"}],"about":[{"href":"https:\/\/www.ecomstream.eu\/nl\/wp-json\/wp\/v2\/types\/page"}],"author":[{"embeddable":true,"href":"https:\/\/www.ecomstream.eu\/nl\/wp-json\/wp\/v2\/users\/1"}],"replies":[{"embeddable":true,"href":"https:\/\/www.ecomstream.eu\/nl\/wp-json\/wp\/v2\/comments?post=251613"}],"version-history":[{"count":2,"href":"https:\/\/www.ecomstream.eu\/nl\/wp-json\/wp\/v2\/pages\/251613\/revisions"}],"predecessor-version":[{"id":251615,"href":"https:\/\/www.ecomstream.eu\/nl\/wp-json\/wp\/v2\/pages\/251613\/revisions\/251615"}],"up":[{"embeddable":true,"href":"https:\/\/www.ecomstream.eu\/nl\/wp-json\/wp\/v2\/pages\/251410"}],"wp:attachment":[{"href":"https:\/\/www.ecomstream.eu\/nl\/wp-json\/wp\/v2\/media?parent=251613"}],"curies":[{"name":"wp","href":"https:\/\/api.w.org\/{rel}","templated":true}]}}