{"id":251517,"date":"2024-04-03T10:49:19","date_gmt":"2024-04-03T08:49:19","guid":{"rendered":"https:\/\/www.ecomstream.eu\/betaalmethoden\/klarna\/"},"modified":"2024-04-03T10:49:20","modified_gmt":"2024-04-03T08:49:20","slug":"klarna","status":"publish","type":"page","link":"https:\/\/www.ecomstream.eu\/nl\/betaalmethoden\/klarna\/","title":{"rendered":"Klarna"},"content":{"rendered":"<p>[et_pb_section fb_built=&#8221;1&#8243; _builder_version=&#8221;4.16&#8243; da_disable_devices=&#8221;off|off|off&#8221; global_colors_info=&#8221;{}&#8221; da_is_popup=&#8221;off&#8221; da_exit_intent=&#8221;off&#8221; da_has_close=&#8221;on&#8221; da_alt_close=&#8221;off&#8221; da_dark_close=&#8221;off&#8221; da_not_modal=&#8221;on&#8221; da_is_singular=&#8221;off&#8221; da_with_loader=&#8221;off&#8221; da_has_shadow=&#8221;on&#8221;][et_pb_row _builder_version=&#8221;4.16&#8243; background_size=&#8221;initial&#8221; background_position=&#8221;top_left&#8221; background_repeat=&#8221;repeat&#8221; custom_padding=&#8221;27px|0px|27px|0px|false|false&#8221; global_colors_info=&#8221;{}&#8221;][et_pb_column type=&#8221;4_4&#8243; _builder_version=&#8221;4.16&#8243; custom_padding=&#8221;|||&#8221; global_colors_info=&#8221;{}&#8221; custom_padding__hover=&#8221;|||&#8221;][et_pb_text _builder_version=&#8221;4.24.2&#8243; text_font=&#8221;||||||||&#8221; text_font_size=&#8221;24px&#8221; text_line_height=&#8221;1.3em&#8221; background_size=&#8221;initial&#8221; background_position=&#8221;top_left&#8221; background_repeat=&#8221;repeat&#8221; hover_enabled=&#8221;0&#8243; text_font_size_tablet=&#8221;&#8221; text_font_size_phone=&#8221;18px&#8221; text_font_size_last_edited=&#8221;on|phone&#8221; global_colors_info=&#8221;{}&#8221; sticky_enabled=&#8221;0&#8243;]<\/p>\n<h1><strong>Klarna<\/strong><\/h1>\n<p>&nbsp;<\/p>\n<p>Sinds de oprichting in 2014 is Klarna uitgegroeid tot een belangrijke speler in de buy now, pay later sector. Met aanwezigheid in 16 regio&#8217;s verspreid over drie continenten, bedient Klarna een indrukwekkende 90 miljoen actieve gebruikers voor hun online shopping.<\/p>\n<p>Het aanbieden van buy now, pay later opties bij het afrekenen kan de flexibiliteit van de klant aanzienlijk vergroten. Klarna biedt een oplossing waarbij klanten hun betalingen kunnen spreiden en er tegelijkertijd voor kunnen zorgen dat merchants het volledige bedrag vooraf ontvangen. Merchants kunnen profiteren van de vier betaalalternatieven van Klarna, die uitgebreide bescherming bieden tegen fraude en kredietrisico&#8217;s.<\/p>\n<p>De beschikbaarheid van deze betaalmethoden is afhankelijk van de locatie van de klant. Klanten waarderen het gemak van flexibele betalingstermijnen, terwijl merchants profiteren van onmiddellijke volledige betalingen.<\/p>\n<p>&nbsp;<\/p>\n<p><strong>Deze betaalmethode kan relevant zijn voor uw bedrijf als u verkoopt aan klanten in de volgende landen of regio&#8217;s:<\/strong><\/p>\n<p><span>Zweden, Noorwegen, Finland, Denemarken, Duitsland, Oostenrijk, Nederland, Belgi\u00eb, Zwitserland, Frankrijk, Itali\u00eb, Polen, Spanje, Portugal, het VK, Tsjechi\u00eb, Griekenland, de VS, Canada, Australi\u00eb<\/span><\/p>\n<p>&nbsp;<\/p>\n<p>&nbsp;<\/p>\n<p>[\/et_pb_text][et_pb_button button_url=&#8221;https:\/\/www.ecomstream.eu\/nl\/betaalmethoden\/&#8221; button_text=&#8221;Check een andere betaalmethode&#8221; button_alignment=&#8221;right&#8221; _builder_version=&#8221;4.24.2&#8243; custom_button=&#8221;on&#8221; button_text_size=&#8221;22&#8243; button_text_color=&#8221;#ffffff&#8221; button_bg_color=&#8221;#60e52b&#8221; button_border_width=&#8221;1&#8243; button_border_radius=&#8221;1&#8243; button_font=&#8221;||||||||&#8221; button_icon=&#8221;&#x70;||divi||400&#8243; button_icon_placement=&#8221;left&#8221; custom_margin=&#8221;0px||||false|false&#8221; custom_margin_tablet=&#8221;&#8221; custom_margin_phone=&#8221;150px||||false|false&#8221; custom_margin_last_edited=&#8221;on|desktop&#8221; custom_padding=&#8221;|||&#8221; animation_style=&#8221;zoom&#8221; box_shadow_style=&#8221;preset3&#8243; box_shadow_vertical=&#8221;28px&#8221; box_shadow_blur=&#8221;22px&#8221; box_shadow_spread=&#8221;-5px&#8221; button_border_radius_hover=&#8221;4&#8243; saved_tabs=&#8221;all&#8221; global_colors_info=&#8221;{}&#8221; button_text_size__hover_enabled=&#8221;off&#8221; button_one_text_size__hover_enabled=&#8221;off&#8221; button_two_text_size__hover_enabled=&#8221;off&#8221; button_text_color__hover_enabled=&#8221;off&#8221; button_one_text_color__hover_enabled=&#8221;off&#8221; button_two_text_color__hover_enabled=&#8221;off&#8221; button_border_width__hover_enabled=&#8221;off&#8221; button_one_border_width__hover_enabled=&#8221;off&#8221; button_two_border_width__hover_enabled=&#8221;off&#8221; button_border_color__hover_enabled=&#8221;off&#8221; button_one_border_color__hover_enabled=&#8221;off&#8221; button_two_border_color__hover_enabled=&#8221;off&#8221; button_border_radius__hover_enabled=&#8221;on&#8221; button_border_radius__hover=&#8221;4&#8243; button_one_border_radius__hover_enabled=&#8221;off&#8221; button_two_border_radius__hover_enabled=&#8221;off&#8221; button_letter_spacing__hover_enabled=&#8221;off&#8221; button_one_letter_spacing__hover_enabled=&#8221;off&#8221; button_two_letter_spacing__hover_enabled=&#8221;off&#8221; button_bg_color__hover_enabled=&#8221;off&#8221; button_one_bg_color__hover_enabled=&#8221;off&#8221; button_two_bg_color__hover_enabled=&#8221;off&#8221;]<\/p>\n<p>[\/et_pb_button][\/et_pb_column][\/et_pb_row][\/et_pb_section][et_pb_section fb_built=&#8221;1&#8243; admin_label=&#8221;Popup &#8211; #my-popup7&#8243; module_id=&#8221;my-popup7&#8243; module_class=&#8221;popup single&#8221; _builder_version=&#8221;4.16&#8243; _module_preset=&#8221;default&#8221; da_is_popup=&#8221;on&#8221; da_popup_slug=&#8221;my-popup7&#8243; da_is_singular=&#8221;on&#8221; da_disable_devices=&#8221;off|off|off&#8221; locked=&#8221;off&#8221; global_colors_info=&#8221;{}&#8221; da_exit_intent=&#8221;off&#8221; da_has_close=&#8221;on&#8221; da_alt_close=&#8221;off&#8221; da_dark_close=&#8221;off&#8221; da_not_modal=&#8221;on&#8221; da_with_loader=&#8221;off&#8221; da_has_shadow=&#8221;on&#8221;][et_pb_row _builder_version=&#8221;4.16&#8243; _module_preset=&#8221;default&#8221; global_colors_info=&#8221;{}&#8221;][et_pb_column type=&#8221;4_4&#8243; _builder_version=&#8221;4.16&#8243; _module_preset=&#8221;default&#8221; global_colors_info=&#8221;{}&#8221;][et_pb_contact_form use_spam_service=&#8221;on&#8221; recaptcha_list=&#8221;EcomStream|EcomStream-0&#8243; email=&#8221;ramon@ecomstream.nl&#8221; title=&#8221;I would like to get a free \ud83d\udcde consultation about your services&#8221; success_message=&#8221;Thank you. You will be contacted within 48 hours. Have a great day! &#8221; _builder_version=&#8221;4.16&#8243; _module_preset=&#8221;default&#8221; _unique_id=&#8221;2b080173-4599-477f-994c-cf46478d77ad&#8221; title_text_align=&#8221;center&#8221; title_line_height=&#8221;1.5em&#8221; global_colors_info=&#8221;{}&#8221;][et_pb_contact_field field_id=&#8221;Name&#8221; field_title=&#8221;Naam&#8221; _builder_version=&#8221;4.16&#8243; global_colors_info=&#8221;{}&#8221; button_text_size__hover_enabled=&#8221;off&#8221; button_one_text_size__hover_enabled=&#8221;off&#8221; button_two_text_size__hover_enabled=&#8221;off&#8221; button_text_color__hover_enabled=&#8221;off&#8221; button_one_text_color__hover_enabled=&#8221;off&#8221; button_two_text_color__hover_enabled=&#8221;off&#8221; button_border_width__hover_enabled=&#8221;off&#8221; button_one_border_width__hover_enabled=&#8221;off&#8221; button_two_border_width__hover_enabled=&#8221;off&#8221; button_border_color__hover_enabled=&#8221;off&#8221; button_one_border_color__hover_enabled=&#8221;off&#8221; button_two_border_color__hover_enabled=&#8221;off&#8221; button_border_radius__hover_enabled=&#8221;off&#8221; button_one_border_radius__hover_enabled=&#8221;off&#8221; button_two_border_radius__hover_enabled=&#8221;off&#8221; button_letter_spacing__hover_enabled=&#8221;off&#8221; button_one_letter_spacing__hover_enabled=&#8221;off&#8221; button_two_letter_spacing__hover_enabled=&#8221;off&#8221; button_bg_color__hover_enabled=&#8221;off&#8221; button_one_bg_color__hover_enabled=&#8221;off&#8221; button_two_bg_color__hover_enabled=&#8221;off&#8221;][\/et_pb_contact_field][et_pb_contact_field field_id=&#8221;Email&#8221; field_title=&#8221;E-mailadres&#8221; field_type=&#8221;email&#8221; _builder_version=&#8221;4.16&#8243; global_colors_info=&#8221;{}&#8221; button_text_size__hover_enabled=&#8221;off&#8221; button_one_text_size__hover_enabled=&#8221;off&#8221; button_two_text_size__hover_enabled=&#8221;off&#8221; button_text_color__hover_enabled=&#8221;off&#8221; button_one_text_color__hover_enabled=&#8221;off&#8221; button_two_text_color__hover_enabled=&#8221;off&#8221; button_border_width__hover_enabled=&#8221;off&#8221; button_one_border_width__hover_enabled=&#8221;off&#8221; button_two_border_width__hover_enabled=&#8221;off&#8221; button_border_color__hover_enabled=&#8221;off&#8221; button_one_border_color__hover_enabled=&#8221;off&#8221; button_two_border_color__hover_enabled=&#8221;off&#8221; button_border_radius__hover_enabled=&#8221;off&#8221; button_one_border_radius__hover_enabled=&#8221;off&#8221; button_two_border_radius__hover_enabled=&#8221;off&#8221; button_letter_spacing__hover_enabled=&#8221;off&#8221; button_one_letter_spacing__hover_enabled=&#8221;off&#8221; button_two_letter_spacing__hover_enabled=&#8221;off&#8221; button_bg_color__hover_enabled=&#8221;off&#8221; button_one_bg_color__hover_enabled=&#8221;off&#8221; button_two_bg_color__hover_enabled=&#8221;off&#8221;][\/et_pb_contact_field][et_pb_contact_field field_id=&#8221;message&#8221; field_title=&#8221;Bericht (optioneel)&#8221; required_mark=&#8221;off&#8221; fullwidth_field=&#8221;on&#8221; _builder_version=&#8221;4.16&#8243; _module_preset=&#8221;default&#8221; global_colors_info=&#8221;{}&#8221;][\/et_pb_contact_field][\/et_pb_contact_form][\/et_pb_column][\/et_pb_row][\/et_pb_section]<\/p>\n","protected":false},"excerpt":{"rendered":"<p>Klarna &nbsp; Sinds de oprichting in 2014 is Klarna uitgegroeid tot een belangrijke speler in de buy now, pay later sector. Met aanwezigheid in 16 regio&#8217;s verspreid over drie continenten, bedient Klarna een indrukwekkende 90 miljoen actieve gebruikers voor hun online shopping. Het aanbieden van buy now, pay later opties bij het afrekenen kan de [&hellip;]<\/p>\n","protected":false},"author":1,"featured_media":0,"parent":251410,"menu_order":0,"comment_status":"closed","ping_status":"closed","template":"","meta":{"_et_pb_use_builder":"on","_et_pb_old_content":"","_et_gb_content_width":"","footnotes":""},"class_list":["post-251517","page","type-page","status-publish","hentry"],"yoast_head":"<!-- This site is optimized with the Yoast SEO plugin v27.4 - https:\/\/yoast.com\/product\/yoast-seo-wordpress\/ -->\n<title>Klarna<\/title>\n<meta name=\"description\" content=\"Sinds de oprichting in 2014 is Klarna uitgegroeid tot een belangrijke speler in de buy now, pay later sector. Met aanwezigheid in 16 regio&#039;s verspreid over drie continenten, bedient Klarna een indrukwekkende 90 miljoen actieve gebruikers voor hun online shopping.\" \/>\n<meta name=\"robots\" content=\"index, follow, max-snippet:-1, max-image-preview:large, max-video-preview:-1\" \/>\n<link rel=\"canonical\" href=\"https:\/\/www.ecomstream.eu\/nl\/betaalmethoden\/klarna\/\" \/>\n<meta property=\"og:locale\" content=\"nl_NL\" \/>\n<meta property=\"og:type\" content=\"article\" \/>\n<meta property=\"og:title\" content=\"Klarna\" \/>\n<meta property=\"og:description\" content=\"Sinds de oprichting in 2014 is Klarna uitgegroeid tot een belangrijke speler in de buy now, pay later sector. Met aanwezigheid in 16 regio&#039;s verspreid over drie continenten, bedient Klarna een indrukwekkende 90 miljoen actieve gebruikers voor hun online shopping.\" \/>\n<meta property=\"og:url\" content=\"https:\/\/www.ecomstream.eu\/nl\/betaalmethoden\/klarna\/\" \/>\n<meta property=\"og:site_name\" content=\"EcomStream\" \/>\n<meta property=\"article:modified_time\" content=\"2024-04-03T08:49:20+00:00\" \/>\n<meta property=\"og:image\" content=\"https:\/\/www.ecomstream.eu\/wp-content\/uploads\/EcomStream_logo_png.png\" \/>\n\t<meta property=\"og:image:width\" content=\"2614\" \/>\n\t<meta property=\"og:image:height\" content=\"1100\" \/>\n\t<meta property=\"og:image:type\" content=\"image\/png\" \/>\n<meta name=\"twitter:card\" content=\"summary_large_image\" \/>\n<meta name=\"twitter:site\" content=\"@EcomStream\" \/>\n<meta name=\"twitter:label1\" content=\"Geschatte leestijd\" \/>\n\t<meta name=\"twitter:data1\" content=\"5 minuten\" \/>\n<script type=\"application\/ld+json\" class=\"yoast-schema-graph\">{\"@context\":\"https:\\\/\\\/schema.org\",\"@graph\":[{\"@type\":\"WebPage\",\"@id\":\"https:\\\/\\\/www.ecomstream.eu\\\/nl\\\/betaalmethoden\\\/klarna\\\/\",\"url\":\"https:\\\/\\\/www.ecomstream.eu\\\/nl\\\/betaalmethoden\\\/klarna\\\/\",\"name\":\"Klarna\",\"isPartOf\":{\"@id\":\"https:\\\/\\\/www.ecomstream.eu\\\/nl\\\/#website\"},\"datePublished\":\"2024-04-03T08:49:19+00:00\",\"dateModified\":\"2024-04-03T08:49:20+00:00\",\"description\":\"Sinds de oprichting in 2014 is Klarna uitgegroeid tot een belangrijke speler in de buy now, pay later sector. Met aanwezigheid in 16 regio's verspreid over drie continenten, bedient Klarna een indrukwekkende 90 miljoen actieve gebruikers voor hun online shopping.\",\"breadcrumb\":{\"@id\":\"https:\\\/\\\/www.ecomstream.eu\\\/nl\\\/betaalmethoden\\\/klarna\\\/#breadcrumb\"},\"inLanguage\":\"nl-NL\",\"potentialAction\":[{\"@type\":\"ReadAction\",\"target\":[\"https:\\\/\\\/www.ecomstream.eu\\\/nl\\\/betaalmethoden\\\/klarna\\\/\"]}]},{\"@type\":\"BreadcrumbList\",\"@id\":\"https:\\\/\\\/www.ecomstream.eu\\\/nl\\\/betaalmethoden\\\/klarna\\\/#breadcrumb\",\"itemListElement\":[{\"@type\":\"ListItem\",\"position\":1,\"name\":\"Home\",\"item\":\"https:\\\/\\\/www.ecomstream.eu\\\/nl\\\/optimalisatie-van-betaaloplossingen-2-2\\\/\"},{\"@type\":\"ListItem\",\"position\":2,\"name\":\"Betaalmethoden\",\"item\":\"https:\\\/\\\/www.ecomstream.eu\\\/nl\\\/betaalmethoden\\\/\"},{\"@type\":\"ListItem\",\"position\":3,\"name\":\"Klarna\"}]},{\"@type\":\"WebSite\",\"@id\":\"https:\\\/\\\/www.ecomstream.eu\\\/nl\\\/#website\",\"url\":\"https:\\\/\\\/www.ecomstream.eu\\\/nl\\\/\",\"name\":\"EcomStream\",\"description\":\"Payments Optimization - Sell More &amp; Pay Less\",\"publisher\":{\"@id\":\"https:\\\/\\\/www.ecomstream.eu\\\/nl\\\/#organization\"},\"potentialAction\":[{\"@type\":\"SearchAction\",\"target\":{\"@type\":\"EntryPoint\",\"urlTemplate\":\"https:\\\/\\\/www.ecomstream.eu\\\/nl\\\/?s={search_term_string}\"},\"query-input\":{\"@type\":\"PropertyValueSpecification\",\"valueRequired\":true,\"valueName\":\"search_term_string\"}}],\"inLanguage\":\"nl-NL\"},{\"@type\":\"Organization\",\"@id\":\"https:\\\/\\\/www.ecomstream.eu\\\/nl\\\/#organization\",\"name\":\"EcomStream\",\"url\":\"https:\\\/\\\/www.ecomstream.eu\\\/nl\\\/\",\"logo\":{\"@type\":\"ImageObject\",\"inLanguage\":\"nl-NL\",\"@id\":\"https:\\\/\\\/www.ecomstream.eu\\\/nl\\\/#\\\/schema\\\/logo\\\/image\\\/\",\"url\":\"https:\\\/\\\/www.ecomstream.eu\\\/wp-content\\\/uploads\\\/cropped-icon-EcomStream.png\",\"contentUrl\":\"https:\\\/\\\/www.ecomstream.eu\\\/wp-content\\\/uploads\\\/cropped-icon-EcomStream.png\",\"width\":512,\"height\":512,\"caption\":\"EcomStream\"},\"image\":{\"@id\":\"https:\\\/\\\/www.ecomstream.eu\\\/nl\\\/#\\\/schema\\\/logo\\\/image\\\/\"},\"sameAs\":[\"https:\\\/\\\/x.com\\\/EcomStream\",\"https:\\\/\\\/www.instagram.com\\\/ecomstream.eu\\\/\",\"https:\\\/\\\/www.linkedin.com\\\/company\\\/25017881\\\/\",\"https:\\\/\\\/www.youtube.com\\\/watch?v=4jWi9TdmQVs\"]}]}<\/script>\n<!-- \/ Yoast SEO plugin. -->","yoast_head_json":{"title":"Klarna","description":"Sinds de oprichting in 2014 is Klarna uitgegroeid tot een belangrijke speler in de buy now, pay later sector. Met aanwezigheid in 16 regio's verspreid over drie continenten, bedient Klarna een indrukwekkende 90 miljoen actieve gebruikers voor hun online shopping.","robots":{"index":"index","follow":"follow","max-snippet":"max-snippet:-1","max-image-preview":"max-image-preview:large","max-video-preview":"max-video-preview:-1"},"canonical":"https:\/\/www.ecomstream.eu\/nl\/betaalmethoden\/klarna\/","og_locale":"nl_NL","og_type":"article","og_title":"Klarna","og_description":"Sinds de oprichting in 2014 is Klarna uitgegroeid tot een belangrijke speler in de buy now, pay later sector. Met aanwezigheid in 16 regio's verspreid over drie continenten, bedient Klarna een indrukwekkende 90 miljoen actieve gebruikers voor hun online shopping.","og_url":"https:\/\/www.ecomstream.eu\/nl\/betaalmethoden\/klarna\/","og_site_name":"EcomStream","article_modified_time":"2024-04-03T08:49:20+00:00","og_image":[{"width":2614,"height":1100,"url":"https:\/\/www.ecomstream.eu\/wp-content\/uploads\/EcomStream_logo_png.png","type":"image\/png"}],"twitter_card":"summary_large_image","twitter_site":"@EcomStream","twitter_misc":{"Geschatte leestijd":"5 minuten"},"schema":{"@context":"https:\/\/schema.org","@graph":[{"@type":"WebPage","@id":"https:\/\/www.ecomstream.eu\/nl\/betaalmethoden\/klarna\/","url":"https:\/\/www.ecomstream.eu\/nl\/betaalmethoden\/klarna\/","name":"Klarna","isPartOf":{"@id":"https:\/\/www.ecomstream.eu\/nl\/#website"},"datePublished":"2024-04-03T08:49:19+00:00","dateModified":"2024-04-03T08:49:20+00:00","description":"Sinds de oprichting in 2014 is Klarna uitgegroeid tot een belangrijke speler in de buy now, pay later sector. Met aanwezigheid in 16 regio's verspreid over drie continenten, bedient Klarna een indrukwekkende 90 miljoen actieve gebruikers voor hun online shopping.","breadcrumb":{"@id":"https:\/\/www.ecomstream.eu\/nl\/betaalmethoden\/klarna\/#breadcrumb"},"inLanguage":"nl-NL","potentialAction":[{"@type":"ReadAction","target":["https:\/\/www.ecomstream.eu\/nl\/betaalmethoden\/klarna\/"]}]},{"@type":"BreadcrumbList","@id":"https:\/\/www.ecomstream.eu\/nl\/betaalmethoden\/klarna\/#breadcrumb","itemListElement":[{"@type":"ListItem","position":1,"name":"Home","item":"https:\/\/www.ecomstream.eu\/nl\/optimalisatie-van-betaaloplossingen-2-2\/"},{"@type":"ListItem","position":2,"name":"Betaalmethoden","item":"https:\/\/www.ecomstream.eu\/nl\/betaalmethoden\/"},{"@type":"ListItem","position":3,"name":"Klarna"}]},{"@type":"WebSite","@id":"https:\/\/www.ecomstream.eu\/nl\/#website","url":"https:\/\/www.ecomstream.eu\/nl\/","name":"EcomStream","description":"Payments Optimization - Sell More &amp; Pay Less","publisher":{"@id":"https:\/\/www.ecomstream.eu\/nl\/#organization"},"potentialAction":[{"@type":"SearchAction","target":{"@type":"EntryPoint","urlTemplate":"https:\/\/www.ecomstream.eu\/nl\/?s={search_term_string}"},"query-input":{"@type":"PropertyValueSpecification","valueRequired":true,"valueName":"search_term_string"}}],"inLanguage":"nl-NL"},{"@type":"Organization","@id":"https:\/\/www.ecomstream.eu\/nl\/#organization","name":"EcomStream","url":"https:\/\/www.ecomstream.eu\/nl\/","logo":{"@type":"ImageObject","inLanguage":"nl-NL","@id":"https:\/\/www.ecomstream.eu\/nl\/#\/schema\/logo\/image\/","url":"https:\/\/www.ecomstream.eu\/wp-content\/uploads\/cropped-icon-EcomStream.png","contentUrl":"https:\/\/www.ecomstream.eu\/wp-content\/uploads\/cropped-icon-EcomStream.png","width":512,"height":512,"caption":"EcomStream"},"image":{"@id":"https:\/\/www.ecomstream.eu\/nl\/#\/schema\/logo\/image\/"},"sameAs":["https:\/\/x.com\/EcomStream","https:\/\/www.instagram.com\/ecomstream.eu\/","https:\/\/www.linkedin.com\/company\/25017881\/","https:\/\/www.youtube.com\/watch?v=4jWi9TdmQVs"]}]}},"_links":{"self":[{"href":"https:\/\/www.ecomstream.eu\/nl\/wp-json\/wp\/v2\/pages\/251517","targetHints":{"allow":["GET"]}}],"collection":[{"href":"https:\/\/www.ecomstream.eu\/nl\/wp-json\/wp\/v2\/pages"}],"about":[{"href":"https:\/\/www.ecomstream.eu\/nl\/wp-json\/wp\/v2\/types\/page"}],"author":[{"embeddable":true,"href":"https:\/\/www.ecomstream.eu\/nl\/wp-json\/wp\/v2\/users\/1"}],"replies":[{"embeddable":true,"href":"https:\/\/www.ecomstream.eu\/nl\/wp-json\/wp\/v2\/comments?post=251517"}],"version-history":[{"count":2,"href":"https:\/\/www.ecomstream.eu\/nl\/wp-json\/wp\/v2\/pages\/251517\/revisions"}],"predecessor-version":[{"id":251519,"href":"https:\/\/www.ecomstream.eu\/nl\/wp-json\/wp\/v2\/pages\/251517\/revisions\/251519"}],"up":[{"embeddable":true,"href":"https:\/\/www.ecomstream.eu\/nl\/wp-json\/wp\/v2\/pages\/251410"}],"wp:attachment":[{"href":"https:\/\/www.ecomstream.eu\/nl\/wp-json\/wp\/v2\/media?parent=251517"}],"curies":[{"name":"wp","href":"https:\/\/api.w.org\/{rel}","templated":true}]}}