{"id":252856,"date":"2024-05-16T14:47:23","date_gmt":"2024-05-16T12:47:23","guid":{"rendered":"https:\/\/www.ecomstream.eu\/modes-de-paiement\/maestro\/"},"modified":"2024-05-16T14:47:24","modified_gmt":"2024-05-16T12:47:24","slug":"maestro","status":"publish","type":"page","link":"https:\/\/www.ecomstream.eu\/fr\/modes-de-paiement\/maestro\/","title":{"rendered":"Maestro"},"content":{"rendered":"<p>[et_pb_section fb_built=\u00a0\u00bb1&Prime; _builder_version=\u00a0\u00bb4.16&Prime; da_disable_devices=\u00a0\u00bboff|off|off\u00a0\u00bb global_colors_info=\u00a0\u00bb{}\u00a0\u00bb da_is_popup=\u00a0\u00bboff\u00a0\u00bb da_exit_intent=\u00a0\u00bboff\u00a0\u00bb da_has_close=\u00a0\u00bbon\u00a0\u00bb da_alt_close=\u00a0\u00bboff\u00a0\u00bb da_dark_close=\u00a0\u00bboff\u00a0\u00bb da_not_modal=\u00a0\u00bbon\u00a0\u00bb da_is_singular=\u00a0\u00bboff\u00a0\u00bb da_with_loader=\u00a0\u00bboff\u00a0\u00bb da_has_shadow=\u00a0\u00bbon\u00a0\u00bb][et_pb_row _builder_version=\u00a0\u00bb4.16&Prime; background_size=\u00a0\u00bbinitial\u00a0\u00bb background_position=\u00a0\u00bbtop_left\u00a0\u00bb background_repeat=\u00a0\u00bbrepeat\u00a0\u00bb custom_padding=\u00a0\u00bb27px|0px|27px|0px|false|false\u00a0\u00bb global_colors_info=\u00a0\u00bb{}\u00a0\u00bb][et_pb_column type=\u00a0\u00bb4_4&Prime; _builder_version=\u00a0\u00bb4.16&Prime; custom_padding=\u00a0\u00bb|||\u00a0\u00bb global_colors_info=\u00a0\u00bb{}\u00a0\u00bb custom_padding__hover=\u00a0\u00bb|||\u00a0\u00bb][et_pb_text _builder_version=\u00a0\u00bb4.24.2&Prime; text_font=\u00a0\u00bb||||||||\u00a0\u00bb text_font_size=\u00a0\u00bb24px\u00a0\u00bb text_line_height=\u00a0\u00bb1.3em\u00a0\u00bb background_size=\u00a0\u00bbinitial\u00a0\u00bb background_position=\u00a0\u00bbtop_left\u00a0\u00bb background_repeat=\u00a0\u00bbrepeat\u00a0\u00bb hover_enabled=\u00a0\u00bb0&Prime; text_font_size_tablet=\u00a0\u00bb\u00a0\u00bb text_font_size_phone=\u00a0\u00bb18px\u00a0\u00bb text_font_size_last_edited=\u00a0\u00bbon|phone\u00a0\u00bb global_colors_info=\u00a0\u00bb{}\u00a0\u00bb sticky_enabled=\u00a0\u00bb0&Prime;]<\/p>\n<h1><strong>Maestro<\/strong><\/h1>\n<p>&nbsp;<\/p>\n<p>Introduit au d\u00e9but des ann\u00e9es 90, Maestro est rapidement devenu un choix privil\u00e9gi\u00e9, offrant un acc\u00e8s pratique aux fonds et des options de d\u00e9penses principalement adapt\u00e9es aux utilisateurs europ\u00e9ens.<\/p>\n<p>Si sa fonctionnalit\u00e9 reste simple et conviviale, l&rsquo;\u00e9volution des attentes et des habitudes des consommateurs a d\u00e9pass\u00e9 ses capacit\u00e9s. Avec l&rsquo;importance croissante du commerce \u00e9lectronique et du commerce mobile dans notre monde de plus en plus num\u00e9rique, les offres actuelles de Maestro ne r\u00e9pondent pas aux exigences modernes.<\/p>\n<p>Pour rem\u00e9dier \u00e0 cette situation, toutes les cartes Maestro passeront \u00e0 Mastercard Debit. La carte de d\u00e9bit Mastercard est accept\u00e9e dans le monde entier et convient aussi bien aux transactions en ligne qu&rsquo;aux transactions en magasin, ce qui lui permet de mieux r\u00e9pondre aux besoins et aux attentes des consommateurs d&rsquo;aujourd&rsquo;hui.<\/p>\n<p>&nbsp;<\/p>\n<p><strong>Ce mode de paiement peut \u00eatre int\u00e9ressant pour votre entreprise si vous vendez \u00e0 des clients dans les pays ou r\u00e9gions suivants :<\/strong><\/p>\n<p>Allemagne, Autriche, Pays-Bas, Belgique et Suisse<\/p>\n<p>&nbsp;<\/p>\n<p>&nbsp;<\/p>\n<p>[\/et_pb_text][et_pb_button button_url=\u00a0\u00bbhttps:\/\/www.ecomstream.eu\/fr\/modes-de-paiement\/\u00a0\u00bb button_text=\u00a0\u00bbV\u00e9rifier un autre mode de paiement\u00a0\u00bb button_alignment=\u00a0\u00bbright\u00a0\u00bb _builder_version=\u00a0\u00bb4.24.2&Prime; custom_button=\u00a0\u00bbon\u00a0\u00bb button_text_size=\u00a0\u00bb22&Prime; button_text_color=\u00a0\u00bb#ffffff\u00a0\u00bb button_bg_color=\u00a0\u00bb#60e52b\u00a0\u00bb button_border_width=\u00a0\u00bb1&Prime; button_border_radius=\u00a0\u00bb1&Prime; button_font=\u00a0\u00bb||||||||\u00a0\u00bb button_icon=\u00a0\u00bb&#x70;||divi||400&Prime; button_icon_placement=\u00a0\u00bbleft\u00a0\u00bb custom_margin=\u00a0\u00bb0px||||false|false\u00a0\u00bb custom_margin_tablet=\u00a0\u00bb\u00a0\u00bb custom_margin_phone=\u00a0\u00bb150px||||false|false\u00a0\u00bb custom_margin_last_edited=\u00a0\u00bbon|desktop\u00a0\u00bb custom_padding=\u00a0\u00bb|||\u00a0\u00bb animation_style=\u00a0\u00bbzoom\u00a0\u00bb box_shadow_style=\u00a0\u00bbpreset3&Prime; box_shadow_vertical=\u00a0\u00bb28px\u00a0\u00bb box_shadow_blur=\u00a0\u00bb22px\u00a0\u00bb box_shadow_spread=\u00a0\u00bb-5px\u00a0\u00bb button_border_radius_hover=\u00a0\u00bb4&Prime; saved_tabs=\u00a0\u00bball\u00a0\u00bb global_colors_info=\u00a0\u00bb{}\u00a0\u00bb button_text_size__hover_enabled=\u00a0\u00bboff\u00a0\u00bb button_one_text_size__hover_enabled=\u00a0\u00bboff\u00a0\u00bb button_two_text_size__hover_enabled=\u00a0\u00bboff\u00a0\u00bb button_text_color__hover_enabled=\u00a0\u00bboff\u00a0\u00bb button_one_text_color__hover_enabled=\u00a0\u00bboff\u00a0\u00bb button_two_text_color__hover_enabled=\u00a0\u00bboff\u00a0\u00bb button_border_width__hover_enabled=\u00a0\u00bboff\u00a0\u00bb button_one_border_width__hover_enabled=\u00a0\u00bboff\u00a0\u00bb button_two_border_width__hover_enabled=\u00a0\u00bboff\u00a0\u00bb button_border_color__hover_enabled=\u00a0\u00bboff\u00a0\u00bb button_one_border_color__hover_enabled=\u00a0\u00bboff\u00a0\u00bb button_two_border_color__hover_enabled=\u00a0\u00bboff\u00a0\u00bb button_border_radius__hover_enabled=\u00a0\u00bbon\u00a0\u00bb button_border_radius__hover=\u00a0\u00bb4&Prime; button_one_border_radius__hover_enabled=\u00a0\u00bboff\u00a0\u00bb button_two_border_radius__hover_enabled=\u00a0\u00bboff\u00a0\u00bb button_letter_spacing__hover_enabled=\u00a0\u00bboff\u00a0\u00bb button_one_letter_spacing__hover_enabled=\u00a0\u00bboff\u00a0\u00bb button_two_letter_spacing__hover_enabled=\u00a0\u00bboff\u00a0\u00bb button_bg_color__hover_enabled=\u00a0\u00bboff\u00a0\u00bb button_one_bg_color__hover_enabled=\u00a0\u00bboff\u00a0\u00bb button_two_bg_color__hover_enabled=\u00a0\u00bboff\u00a0\u00bb]<\/p>\n<p>[\/et_pb_button][\/et_pb_column][\/et_pb_row][\/et_pb_section][et_pb_section fb_built=\u00a0\u00bb1&Prime; admin_label=\u00a0\u00bbPopup &#8211; #my-popup7&Prime; module_id=\u00a0\u00bbmy-popup7&Prime; module_class=\u00a0\u00bbpopup single\u00a0\u00bb _builder_version=\u00a0\u00bb4.16&Prime; _module_preset=\u00a0\u00bbdefault\u00a0\u00bb da_is_popup=\u00a0\u00bbon\u00a0\u00bb da_popup_slug=\u00a0\u00bbmy-popup7&Prime; da_is_singular=\u00a0\u00bbon\u00a0\u00bb da_disable_devices=\u00a0\u00bboff|off|off\u00a0\u00bb locked=\u00a0\u00bboff\u00a0\u00bb global_colors_info=\u00a0\u00bb{}\u00a0\u00bb da_exit_intent=\u00a0\u00bboff\u00a0\u00bb da_has_close=\u00a0\u00bbon\u00a0\u00bb da_alt_close=\u00a0\u00bboff\u00a0\u00bb da_dark_close=\u00a0\u00bboff\u00a0\u00bb da_not_modal=\u00a0\u00bbon\u00a0\u00bb da_with_loader=\u00a0\u00bboff\u00a0\u00bb da_has_shadow=\u00a0\u00bbon\u00a0\u00bb][et_pb_row _builder_version=\u00a0\u00bb4.16&Prime; _module_preset=\u00a0\u00bbdefault\u00a0\u00bb global_colors_info=\u00a0\u00bb{}\u00a0\u00bb][et_pb_column type=\u00a0\u00bb4_4&Prime; _builder_version=\u00a0\u00bb4.16&Prime; _module_preset=\u00a0\u00bbdefault\u00a0\u00bb global_colors_info=\u00a0\u00bb{}\u00a0\u00bb][et_pb_contact_form use_spam_service=\u00a0\u00bbon\u00a0\u00bb recaptcha_list=\u00a0\u00bbEcomStream|EcomStream-0&Prime; email=\u00a0\u00bbramon@ecomstream.nl\u00a0\u00bb title=\u00a0\u00bbI would like to get a free \ud83d\udcde consultation about your services\u00a0\u00bb success_message=\u00a0\u00bbThank you. You will be contacted within 48 hours. Have a great day! \u00a0\u00bb _builder_version=\u00a0\u00bb4.16&Prime; _module_preset=\u00a0\u00bbdefault\u00a0\u00bb _unique_id=\u00a0\u00bb2b080173-4599-477f-994c-cf46478d77ad\u00a0\u00bb title_text_align=\u00a0\u00bbcenter\u00a0\u00bb title_line_height=\u00a0\u00bb1.5em\u00a0\u00bb global_colors_info=\u00a0\u00bb{}\u00a0\u00bb][et_pb_contact_field field_id=\u00a0\u00bbName\u00a0\u00bb field_title=\u00a0\u00bbNom\u00a0\u00bb _builder_version=\u00a0\u00bb4.16&Prime; global_colors_info=\u00a0\u00bb{}\u00a0\u00bb button_text_size__hover_enabled=\u00a0\u00bboff\u00a0\u00bb button_one_text_size__hover_enabled=\u00a0\u00bboff\u00a0\u00bb button_two_text_size__hover_enabled=\u00a0\u00bboff\u00a0\u00bb button_text_color__hover_enabled=\u00a0\u00bboff\u00a0\u00bb button_one_text_color__hover_enabled=\u00a0\u00bboff\u00a0\u00bb button_two_text_color__hover_enabled=\u00a0\u00bboff\u00a0\u00bb button_border_width__hover_enabled=\u00a0\u00bboff\u00a0\u00bb button_one_border_width__hover_enabled=\u00a0\u00bboff\u00a0\u00bb button_two_border_width__hover_enabled=\u00a0\u00bboff\u00a0\u00bb button_border_color__hover_enabled=\u00a0\u00bboff\u00a0\u00bb button_one_border_color__hover_enabled=\u00a0\u00bboff\u00a0\u00bb button_two_border_color__hover_enabled=\u00a0\u00bboff\u00a0\u00bb button_border_radius__hover_enabled=\u00a0\u00bboff\u00a0\u00bb button_one_border_radius__hover_enabled=\u00a0\u00bboff\u00a0\u00bb button_two_border_radius__hover_enabled=\u00a0\u00bboff\u00a0\u00bb button_letter_spacing__hover_enabled=\u00a0\u00bboff\u00a0\u00bb button_one_letter_spacing__hover_enabled=\u00a0\u00bboff\u00a0\u00bb button_two_letter_spacing__hover_enabled=\u00a0\u00bboff\u00a0\u00bb button_bg_color__hover_enabled=\u00a0\u00bboff\u00a0\u00bb button_one_bg_color__hover_enabled=\u00a0\u00bboff\u00a0\u00bb button_two_bg_color__hover_enabled=\u00a0\u00bboff\u00a0\u00bb][\/et_pb_contact_field][et_pb_contact_field field_id=\u00a0\u00bbEmail\u00a0\u00bb field_title=\u00a0\u00bbAdresse e-mail\u00a0\u00bb field_type=\u00a0\u00bbemail\u00a0\u00bb _builder_version=\u00a0\u00bb4.16&Prime; global_colors_info=\u00a0\u00bb{}\u00a0\u00bb button_text_size__hover_enabled=\u00a0\u00bboff\u00a0\u00bb button_one_text_size__hover_enabled=\u00a0\u00bboff\u00a0\u00bb button_two_text_size__hover_enabled=\u00a0\u00bboff\u00a0\u00bb button_text_color__hover_enabled=\u00a0\u00bboff\u00a0\u00bb button_one_text_color__hover_enabled=\u00a0\u00bboff\u00a0\u00bb button_two_text_color__hover_enabled=\u00a0\u00bboff\u00a0\u00bb button_border_width__hover_enabled=\u00a0\u00bboff\u00a0\u00bb button_one_border_width__hover_enabled=\u00a0\u00bboff\u00a0\u00bb button_two_border_width__hover_enabled=\u00a0\u00bboff\u00a0\u00bb button_border_color__hover_enabled=\u00a0\u00bboff\u00a0\u00bb button_one_border_color__hover_enabled=\u00a0\u00bboff\u00a0\u00bb button_two_border_color__hover_enabled=\u00a0\u00bboff\u00a0\u00bb button_border_radius__hover_enabled=\u00a0\u00bboff\u00a0\u00bb button_one_border_radius__hover_enabled=\u00a0\u00bboff\u00a0\u00bb button_two_border_radius__hover_enabled=\u00a0\u00bboff\u00a0\u00bb button_letter_spacing__hover_enabled=\u00a0\u00bboff\u00a0\u00bb button_one_letter_spacing__hover_enabled=\u00a0\u00bboff\u00a0\u00bb button_two_letter_spacing__hover_enabled=\u00a0\u00bboff\u00a0\u00bb button_bg_color__hover_enabled=\u00a0\u00bboff\u00a0\u00bb button_one_bg_color__hover_enabled=\u00a0\u00bboff\u00a0\u00bb button_two_bg_color__hover_enabled=\u00a0\u00bboff\u00a0\u00bb][\/et_pb_contact_field][et_pb_contact_field field_id=\u00a0\u00bbmessage\u00a0\u00bb field_title=\u00a0\u00bbMessage (optionnel)\u00a0\u00bb required_mark=\u00a0\u00bboff\u00a0\u00bb fullwidth_field=\u00a0\u00bbon\u00a0\u00bb _builder_version=\u00a0\u00bb4.16&Prime; _module_preset=\u00a0\u00bbdefault\u00a0\u00bb global_colors_info=\u00a0\u00bb{}\u00a0\u00bb][\/et_pb_contact_field][\/et_pb_contact_form][\/et_pb_column][\/et_pb_row][\/et_pb_section]<\/p>\n","protected":false},"excerpt":{"rendered":"<p>Maestro &nbsp; Introduit au d\u00e9but des ann\u00e9es 90, Maestro est rapidement devenu un choix privil\u00e9gi\u00e9, offrant un acc\u00e8s pratique aux fonds et des options de d\u00e9penses principalement adapt\u00e9es aux utilisateurs europ\u00e9ens. Si sa fonctionnalit\u00e9 reste simple et conviviale, l&rsquo;\u00e9volution des attentes et des habitudes des consommateurs a d\u00e9pass\u00e9 ses capacit\u00e9s. Avec l&rsquo;importance croissante du commerce [&hellip;]<\/p>\n","protected":false},"author":1,"featured_media":0,"parent":251680,"menu_order":0,"comment_status":"closed","ping_status":"closed","template":"","meta":{"_et_pb_use_builder":"on","_et_pb_old_content":"","_et_gb_content_width":"","footnotes":""},"class_list":["post-252856","page","type-page","status-publish","hentry"],"yoast_head":"<!-- This site is optimized with the Yoast SEO plugin v27.4 - https:\/\/yoast.com\/product\/yoast-seo-wordpress\/ -->\n<title>Maestro<\/title>\n<meta name=\"description\" content=\"Les cartes Maestro passeront \u00e0 Mastercard Debit. La carte de d\u00e9bit Mastercard est accept\u00e9e dans le monde entier et convient aussi bien aux transactions en ligne qu&#039;aux transactions en magasin, ce qui lui permet de mieux r\u00e9pondre aux besoins et aux attentes des consommateurs d&#039;aujourd&#039;hui.\" \/>\n<meta name=\"robots\" content=\"index, follow, max-snippet:-1, max-image-preview:large, max-video-preview:-1\" \/>\n<link rel=\"canonical\" href=\"https:\/\/www.ecomstream.eu\/fr\/modes-de-paiement\/maestro\/\" \/>\n<meta property=\"og:locale\" content=\"fr_FR\" \/>\n<meta property=\"og:type\" content=\"article\" \/>\n<meta property=\"og:title\" content=\"Maestro\" \/>\n<meta property=\"og:description\" content=\"Les cartes Maestro passeront \u00e0 Mastercard Debit. La carte de d\u00e9bit Mastercard est accept\u00e9e dans le monde entier et convient aussi bien aux transactions en ligne qu&#039;aux transactions en magasin, ce qui lui permet de mieux r\u00e9pondre aux besoins et aux attentes des consommateurs d&#039;aujourd&#039;hui.\" \/>\n<meta property=\"og:url\" content=\"https:\/\/www.ecomstream.eu\/fr\/modes-de-paiement\/maestro\/\" \/>\n<meta property=\"og:site_name\" content=\"EcomStream\" \/>\n<meta property=\"article:modified_time\" content=\"2024-05-16T12:47:24+00:00\" \/>\n<meta property=\"og:image\" content=\"https:\/\/www.ecomstream.eu\/wp-content\/uploads\/EcomStream_logo_png.png\" \/>\n\t<meta property=\"og:image:width\" content=\"2614\" \/>\n\t<meta property=\"og:image:height\" content=\"1100\" \/>\n\t<meta property=\"og:image:type\" content=\"image\/png\" \/>\n<meta name=\"twitter:card\" content=\"summary_large_image\" \/>\n<meta name=\"twitter:site\" content=\"@EcomStream\" \/>\n<meta name=\"twitter:label1\" content=\"Dur\u00e9e de lecture estim\u00e9e\" \/>\n\t<meta name=\"twitter:data1\" content=\"6 minutes\" \/>\n<script type=\"application\/ld+json\" class=\"yoast-schema-graph\">{\"@context\":\"https:\\\/\\\/schema.org\",\"@graph\":[{\"@type\":\"WebPage\",\"@id\":\"https:\\\/\\\/www.ecomstream.eu\\\/fr\\\/modes-de-paiement\\\/maestro\\\/\",\"url\":\"https:\\\/\\\/www.ecomstream.eu\\\/fr\\\/modes-de-paiement\\\/maestro\\\/\",\"name\":\"Maestro\",\"isPartOf\":{\"@id\":\"https:\\\/\\\/www.ecomstream.eu\\\/fr\\\/#website\"},\"datePublished\":\"2024-05-16T12:47:23+00:00\",\"dateModified\":\"2024-05-16T12:47:24+00:00\",\"description\":\"Les cartes Maestro passeront \u00e0 Mastercard Debit. La carte de d\u00e9bit Mastercard est accept\u00e9e dans le monde entier et convient aussi bien aux transactions en ligne qu'aux transactions en magasin, ce qui lui permet de mieux r\u00e9pondre aux besoins et aux attentes des consommateurs d'aujourd'hui.\",\"breadcrumb\":{\"@id\":\"https:\\\/\\\/www.ecomstream.eu\\\/fr\\\/modes-de-paiement\\\/maestro\\\/#breadcrumb\"},\"inLanguage\":\"fr-FR\",\"potentialAction\":[{\"@type\":\"ReadAction\",\"target\":[\"https:\\\/\\\/www.ecomstream.eu\\\/fr\\\/modes-de-paiement\\\/maestro\\\/\"]}]},{\"@type\":\"BreadcrumbList\",\"@id\":\"https:\\\/\\\/www.ecomstream.eu\\\/fr\\\/modes-de-paiement\\\/maestro\\\/#breadcrumb\",\"itemListElement\":[{\"@type\":\"ListItem\",\"position\":1,\"name\":\"Home\",\"item\":\"https:\\\/\\\/www.ecomstream.eu\\\/fr\\\/accueil-2\\\/\"},{\"@type\":\"ListItem\",\"position\":2,\"name\":\"Modes de paiement\",\"item\":\"https:\\\/\\\/www.ecomstream.eu\\\/fr\\\/modes-de-paiement\\\/\"},{\"@type\":\"ListItem\",\"position\":3,\"name\":\"Maestro\"}]},{\"@type\":\"WebSite\",\"@id\":\"https:\\\/\\\/www.ecomstream.eu\\\/fr\\\/#website\",\"url\":\"https:\\\/\\\/www.ecomstream.eu\\\/fr\\\/\",\"name\":\"EcomStream\",\"description\":\"Optimization of payment solutions\",\"publisher\":{\"@id\":\"https:\\\/\\\/www.ecomstream.eu\\\/fr\\\/#organization\"},\"potentialAction\":[{\"@type\":\"SearchAction\",\"target\":{\"@type\":\"EntryPoint\",\"urlTemplate\":\"https:\\\/\\\/www.ecomstream.eu\\\/fr\\\/?s={search_term_string}\"},\"query-input\":{\"@type\":\"PropertyValueSpecification\",\"valueRequired\":true,\"valueName\":\"search_term_string\"}}],\"inLanguage\":\"fr-FR\"},{\"@type\":\"Organization\",\"@id\":\"https:\\\/\\\/www.ecomstream.eu\\\/fr\\\/#organization\",\"name\":\"EcomStream\",\"url\":\"https:\\\/\\\/www.ecomstream.eu\\\/fr\\\/\",\"logo\":{\"@type\":\"ImageObject\",\"inLanguage\":\"fr-FR\",\"@id\":\"https:\\\/\\\/www.ecomstream.eu\\\/fr\\\/#\\\/schema\\\/logo\\\/image\\\/\",\"url\":\"https:\\\/\\\/www.ecomstream.eu\\\/wp-content\\\/uploads\\\/cropped-icon-EcomStream.png\",\"contentUrl\":\"https:\\\/\\\/www.ecomstream.eu\\\/wp-content\\\/uploads\\\/cropped-icon-EcomStream.png\",\"width\":512,\"height\":512,\"caption\":\"EcomStream\"},\"image\":{\"@id\":\"https:\\\/\\\/www.ecomstream.eu\\\/fr\\\/#\\\/schema\\\/logo\\\/image\\\/\"},\"sameAs\":[\"https:\\\/\\\/x.com\\\/EcomStream\",\"https:\\\/\\\/www.instagram.com\\\/ecomstream.eu\\\/\",\"https:\\\/\\\/www.linkedin.com\\\/company\\\/25017881\\\/\",\"https:\\\/\\\/www.youtube.com\\\/watch?v=4jWi9TdmQVs\"]}]}<\/script>\n<!-- \/ Yoast SEO plugin. -->","yoast_head_json":{"title":"Maestro","description":"Les cartes Maestro passeront \u00e0 Mastercard Debit. La carte de d\u00e9bit Mastercard est accept\u00e9e dans le monde entier et convient aussi bien aux transactions en ligne qu'aux transactions en magasin, ce qui lui permet de mieux r\u00e9pondre aux besoins et aux attentes des consommateurs d'aujourd'hui.","robots":{"index":"index","follow":"follow","max-snippet":"max-snippet:-1","max-image-preview":"max-image-preview:large","max-video-preview":"max-video-preview:-1"},"canonical":"https:\/\/www.ecomstream.eu\/fr\/modes-de-paiement\/maestro\/","og_locale":"fr_FR","og_type":"article","og_title":"Maestro","og_description":"Les cartes Maestro passeront \u00e0 Mastercard Debit. La carte de d\u00e9bit Mastercard est accept\u00e9e dans le monde entier et convient aussi bien aux transactions en ligne qu'aux transactions en magasin, ce qui lui permet de mieux r\u00e9pondre aux besoins et aux attentes des consommateurs d'aujourd'hui.","og_url":"https:\/\/www.ecomstream.eu\/fr\/modes-de-paiement\/maestro\/","og_site_name":"EcomStream","article_modified_time":"2024-05-16T12:47:24+00:00","og_image":[{"width":2614,"height":1100,"url":"https:\/\/www.ecomstream.eu\/wp-content\/uploads\/EcomStream_logo_png.png","type":"image\/png"}],"twitter_card":"summary_large_image","twitter_site":"@EcomStream","twitter_misc":{"Dur\u00e9e de lecture estim\u00e9e":"6 minutes"},"schema":{"@context":"https:\/\/schema.org","@graph":[{"@type":"WebPage","@id":"https:\/\/www.ecomstream.eu\/fr\/modes-de-paiement\/maestro\/","url":"https:\/\/www.ecomstream.eu\/fr\/modes-de-paiement\/maestro\/","name":"Maestro","isPartOf":{"@id":"https:\/\/www.ecomstream.eu\/fr\/#website"},"datePublished":"2024-05-16T12:47:23+00:00","dateModified":"2024-05-16T12:47:24+00:00","description":"Les cartes Maestro passeront \u00e0 Mastercard Debit. La carte de d\u00e9bit Mastercard est accept\u00e9e dans le monde entier et convient aussi bien aux transactions en ligne qu'aux transactions en magasin, ce qui lui permet de mieux r\u00e9pondre aux besoins et aux attentes des consommateurs d'aujourd'hui.","breadcrumb":{"@id":"https:\/\/www.ecomstream.eu\/fr\/modes-de-paiement\/maestro\/#breadcrumb"},"inLanguage":"fr-FR","potentialAction":[{"@type":"ReadAction","target":["https:\/\/www.ecomstream.eu\/fr\/modes-de-paiement\/maestro\/"]}]},{"@type":"BreadcrumbList","@id":"https:\/\/www.ecomstream.eu\/fr\/modes-de-paiement\/maestro\/#breadcrumb","itemListElement":[{"@type":"ListItem","position":1,"name":"Home","item":"https:\/\/www.ecomstream.eu\/fr\/accueil-2\/"},{"@type":"ListItem","position":2,"name":"Modes de paiement","item":"https:\/\/www.ecomstream.eu\/fr\/modes-de-paiement\/"},{"@type":"ListItem","position":3,"name":"Maestro"}]},{"@type":"WebSite","@id":"https:\/\/www.ecomstream.eu\/fr\/#website","url":"https:\/\/www.ecomstream.eu\/fr\/","name":"EcomStream","description":"Optimization of payment solutions","publisher":{"@id":"https:\/\/www.ecomstream.eu\/fr\/#organization"},"potentialAction":[{"@type":"SearchAction","target":{"@type":"EntryPoint","urlTemplate":"https:\/\/www.ecomstream.eu\/fr\/?s={search_term_string}"},"query-input":{"@type":"PropertyValueSpecification","valueRequired":true,"valueName":"search_term_string"}}],"inLanguage":"fr-FR"},{"@type":"Organization","@id":"https:\/\/www.ecomstream.eu\/fr\/#organization","name":"EcomStream","url":"https:\/\/www.ecomstream.eu\/fr\/","logo":{"@type":"ImageObject","inLanguage":"fr-FR","@id":"https:\/\/www.ecomstream.eu\/fr\/#\/schema\/logo\/image\/","url":"https:\/\/www.ecomstream.eu\/wp-content\/uploads\/cropped-icon-EcomStream.png","contentUrl":"https:\/\/www.ecomstream.eu\/wp-content\/uploads\/cropped-icon-EcomStream.png","width":512,"height":512,"caption":"EcomStream"},"image":{"@id":"https:\/\/www.ecomstream.eu\/fr\/#\/schema\/logo\/image\/"},"sameAs":["https:\/\/x.com\/EcomStream","https:\/\/www.instagram.com\/ecomstream.eu\/","https:\/\/www.linkedin.com\/company\/25017881\/","https:\/\/www.youtube.com\/watch?v=4jWi9TdmQVs"]}]}},"_links":{"self":[{"href":"https:\/\/www.ecomstream.eu\/fr\/wp-json\/wp\/v2\/pages\/252856","targetHints":{"allow":["GET"]}}],"collection":[{"href":"https:\/\/www.ecomstream.eu\/fr\/wp-json\/wp\/v2\/pages"}],"about":[{"href":"https:\/\/www.ecomstream.eu\/fr\/wp-json\/wp\/v2\/types\/page"}],"author":[{"embeddable":true,"href":"https:\/\/www.ecomstream.eu\/fr\/wp-json\/wp\/v2\/users\/1"}],"replies":[{"embeddable":true,"href":"https:\/\/www.ecomstream.eu\/fr\/wp-json\/wp\/v2\/comments?post=252856"}],"version-history":[{"count":2,"href":"https:\/\/www.ecomstream.eu\/fr\/wp-json\/wp\/v2\/pages\/252856\/revisions"}],"predecessor-version":[{"id":252858,"href":"https:\/\/www.ecomstream.eu\/fr\/wp-json\/wp\/v2\/pages\/252856\/revisions\/252858"}],"up":[{"embeddable":true,"href":"https:\/\/www.ecomstream.eu\/fr\/wp-json\/wp\/v2\/pages\/251680"}],"wp:attachment":[{"href":"https:\/\/www.ecomstream.eu\/fr\/wp-json\/wp\/v2\/media?parent=252856"}],"curies":[{"name":"wp","href":"https:\/\/api.w.org\/{rel}","templated":true}]}}