{"id":252955,"date":"2024-05-16T15:00:10","date_gmt":"2024-05-16T13:00:10","guid":{"rendered":"https:\/\/www.ecomstream.eu\/zahlungsmoeglichkeiten\/przelewy24\/"},"modified":"2024-05-16T15:00:12","modified_gmt":"2024-05-16T13:00:12","slug":"przelewy24","status":"publish","type":"page","link":"https:\/\/www.ecomstream.eu\/de\/zahlungsmoeglichkeiten\/przelewy24\/","title":{"rendered":"Przelewy24"},"content":{"rendered":"<p>[et_pb_section fb_built=&#8220;1&#8243; _builder_version=&#8220;4.16&#8243; da_disable_devices=&#8220;off|off|off&#8220; global_colors_info=&#8220;{}&#8220; da_is_popup=&#8220;off&#8220; da_exit_intent=&#8220;off&#8220; da_has_close=&#8220;on&#8220; da_alt_close=&#8220;off&#8220; da_dark_close=&#8220;off&#8220; da_not_modal=&#8220;on&#8220; da_is_singular=&#8220;off&#8220; da_with_loader=&#8220;off&#8220; da_has_shadow=&#8220;on&#8220;][et_pb_row _builder_version=&#8220;4.16&#8243; background_size=&#8220;initial&#8220; background_position=&#8220;top_left&#8220; background_repeat=&#8220;repeat&#8220; custom_padding=&#8220;27px|0px|27px|0px|false|false&#8220; global_colors_info=&#8220;{}&#8220;][et_pb_column type=&#8220;4_4&#8243; _builder_version=&#8220;4.16&#8243; custom_padding=&#8220;|||&#8220; global_colors_info=&#8220;{}&#8220; custom_padding__hover=&#8220;|||&#8220;][et_pb_text _builder_version=&#8220;4.24.2&#8243; text_font=&#8220;||||||||&#8220; text_font_size=&#8220;24px&#8220; text_line_height=&#8220;1.3em&#8220; background_size=&#8220;initial&#8220; background_position=&#8220;top_left&#8220; background_repeat=&#8220;repeat&#8220; hover_enabled=&#8220;0&#8243; text_font_size_tablet=&#8220;&#8220; text_font_size_phone=&#8220;18px&#8220; text_font_size_last_edited=&#8220;on|phone&#8220; global_colors_info=&#8220;{}&#8220; sticky_enabled=&#8220;0&#8243;]<\/p>\n<h1><strong>Przelewy24<\/strong><\/h1>\n<p>&nbsp;<\/p>\n<p>Przelewy24 ist der gr\u00f6\u00dfte Online-Zahlungsanbieter in Polen und bietet innovative L\u00f6sungen f\u00fcr den E-Commerce. Mit Przelewy24 k\u00f6nnen Nutzer Transaktionen \u00fcber alle Ger\u00e4te durchf\u00fchren und auf eine Vielzahl von Zahlungsmethoden zugreifen, darunter Schnell\u00fcberweisungen, BLIK, Kartenzahlungen, mobile Zahlungen (wie Apple Pay und Google Pay), elektronische Geldb\u00f6rsen und Ratenzahlungen.<\/p>\n<p>Przelewy24 ist landesweit mit \u00fcber 165 Banken verbunden und erm\u00f6glicht es polnischen Verbrauchern, \u00dcberweisungen in Echtzeit direkt von ihrer Online-Banking-Plattform aus durchzuf\u00fchren. Die Plattform leitet die Kunden zur Zahlungsauthentifizierung auf ihre Website weiter und sorgt f\u00fcr eine sofortige Benachrichtigung \u00fcber das Ergebnis der Transaktion.<\/p>\n<p>Przelewy24 ist als f\u00fchrende und vielseitige Zahlungsmethode in Polen anerkannt. Es deckt alle wichtigen Verbraucherbanken ab und arbeitet als umfassendes Echtzeit-\u00dcberweisungssystem.<\/p>\n<p>&nbsp;<\/p>\n<p><strong>Diese Zahlungsmethode k\u00f6nnte f\u00fcr Ihr Unternehmen von Bedeutung sein, wenn Sie an Kunden in den folgenden L\u00e4ndern oder Regionen verkaufen:<\/strong><\/p>\n<p><span>Polen<\/span><\/p>\n<p>&nbsp;<\/p>\n<p>&nbsp;<\/p>\n<p>[\/et_pb_text][et_pb_button button_url=&#8220;https:\/\/www.ecomstream.eu\/de\/zahlungsmoeglichkeiten\/&#8220; button_text=&#8220;Andere Zahlungsmethode pr\u00fcfen&#8220; button_alignment=&#8220;right&#8220; _builder_version=&#8220;4.24.2&#8243; custom_button=&#8220;on&#8220; button_text_size=&#8220;22&#8243; button_text_color=&#8220;#ffffff&#8220; button_bg_color=&#8220;#60e52b&#8220; button_border_width=&#8220;1&#8243; button_border_radius=&#8220;1&#8243; button_font=&#8220;||||||||&#8220; button_icon=&#8220;&#x70;||divi||400&#8243; button_icon_placement=&#8220;left&#8220; custom_margin=&#8220;0px||||false|false&#8220; custom_margin_tablet=&#8220;&#8220; custom_margin_phone=&#8220;150px||||false|false&#8220; custom_margin_last_edited=&#8220;on|desktop&#8220; custom_padding=&#8220;|||&#8220; animation_style=&#8220;zoom&#8220; box_shadow_style=&#8220;preset3&#8243; box_shadow_vertical=&#8220;28px&#8220; box_shadow_blur=&#8220;22px&#8220; box_shadow_spread=&#8220;-5px&#8220; button_border_radius_hover=&#8220;4&#8243; saved_tabs=&#8220;all&#8220; global_colors_info=&#8220;{}&#8220; button_text_size__hover_enabled=&#8220;off&#8220; button_one_text_size__hover_enabled=&#8220;off&#8220; button_two_text_size__hover_enabled=&#8220;off&#8220; button_text_color__hover_enabled=&#8220;off&#8220; button_one_text_color__hover_enabled=&#8220;off&#8220; button_two_text_color__hover_enabled=&#8220;off&#8220; button_border_width__hover_enabled=&#8220;off&#8220; button_one_border_width__hover_enabled=&#8220;off&#8220; button_two_border_width__hover_enabled=&#8220;off&#8220; button_border_color__hover_enabled=&#8220;off&#8220; button_one_border_color__hover_enabled=&#8220;off&#8220; button_two_border_color__hover_enabled=&#8220;off&#8220; button_border_radius__hover_enabled=&#8220;on&#8220; button_border_radius__hover=&#8220;4&#8243; button_one_border_radius__hover_enabled=&#8220;off&#8220; button_two_border_radius__hover_enabled=&#8220;off&#8220; button_letter_spacing__hover_enabled=&#8220;off&#8220; button_one_letter_spacing__hover_enabled=&#8220;off&#8220; button_two_letter_spacing__hover_enabled=&#8220;off&#8220; button_bg_color__hover_enabled=&#8220;off&#8220; button_one_bg_color__hover_enabled=&#8220;off&#8220; button_two_bg_color__hover_enabled=&#8220;off&#8220;]<\/p>\n<p>[\/et_pb_button][\/et_pb_column][\/et_pb_row][\/et_pb_section][et_pb_section fb_built=&#8220;1&#8243; admin_label=&#8220;Popup &#8211; #my-popup7&#8243; module_id=&#8220;my-popup7&#8243; module_class=&#8220;popup single&#8220; _builder_version=&#8220;4.16&#8243; _module_preset=&#8220;default&#8220; da_is_popup=&#8220;on&#8220; da_popup_slug=&#8220;my-popup7&#8243; da_is_singular=&#8220;on&#8220; da_disable_devices=&#8220;off|off|off&#8220; locked=&#8220;off&#8220; global_colors_info=&#8220;{}&#8220; da_exit_intent=&#8220;off&#8220; da_has_close=&#8220;on&#8220; da_alt_close=&#8220;off&#8220; da_dark_close=&#8220;off&#8220; da_not_modal=&#8220;on&#8220; da_with_loader=&#8220;off&#8220; da_has_shadow=&#8220;on&#8220;][et_pb_row _builder_version=&#8220;4.16&#8243; _module_preset=&#8220;default&#8220; global_colors_info=&#8220;{}&#8220;][et_pb_column type=&#8220;4_4&#8243; _builder_version=&#8220;4.16&#8243; _module_preset=&#8220;default&#8220; global_colors_info=&#8220;{}&#8220;][et_pb_contact_form use_spam_service=&#8220;on&#8220; recaptcha_list=&#8220;EcomStream|EcomStream-0&#8243; email=&#8220;ramon@ecomstream.nl&#8220; title=&#8220;I would like to get a free \ud83d\udcde consultation about your services&#8220; success_message=&#8220;Thank you. You will be contacted within 48 hours. Have a great day! &#8220; _builder_version=&#8220;4.16&#8243; _module_preset=&#8220;default&#8220; _unique_id=&#8220;2b080173-4599-477f-994c-cf46478d77ad&#8220; title_text_align=&#8220;center&#8220; title_line_height=&#8220;1.5em&#8220; global_colors_info=&#8220;{}&#8220;][et_pb_contact_field field_id=&#8220;Name&#8220; field_title=&#8220;Name&#8220; _builder_version=&#8220;4.16&#8243; global_colors_info=&#8220;{}&#8220; button_text_size__hover_enabled=&#8220;off&#8220; button_one_text_size__hover_enabled=&#8220;off&#8220; button_two_text_size__hover_enabled=&#8220;off&#8220; button_text_color__hover_enabled=&#8220;off&#8220; button_one_text_color__hover_enabled=&#8220;off&#8220; button_two_text_color__hover_enabled=&#8220;off&#8220; button_border_width__hover_enabled=&#8220;off&#8220; button_one_border_width__hover_enabled=&#8220;off&#8220; button_two_border_width__hover_enabled=&#8220;off&#8220; button_border_color__hover_enabled=&#8220;off&#8220; button_one_border_color__hover_enabled=&#8220;off&#8220; button_two_border_color__hover_enabled=&#8220;off&#8220; button_border_radius__hover_enabled=&#8220;off&#8220; button_one_border_radius__hover_enabled=&#8220;off&#8220; button_two_border_radius__hover_enabled=&#8220;off&#8220; button_letter_spacing__hover_enabled=&#8220;off&#8220; button_one_letter_spacing__hover_enabled=&#8220;off&#8220; button_two_letter_spacing__hover_enabled=&#8220;off&#8220; button_bg_color__hover_enabled=&#8220;off&#8220; button_one_bg_color__hover_enabled=&#8220;off&#8220; button_two_bg_color__hover_enabled=&#8220;off&#8220;][\/et_pb_contact_field][et_pb_contact_field field_id=&#8220;Email&#8220; field_title=&#8220;E-Mail-Addresse&#8220; field_type=&#8220;email&#8220; _builder_version=&#8220;4.16&#8243; global_colors_info=&#8220;{}&#8220; button_text_size__hover_enabled=&#8220;off&#8220; button_one_text_size__hover_enabled=&#8220;off&#8220; button_two_text_size__hover_enabled=&#8220;off&#8220; button_text_color__hover_enabled=&#8220;off&#8220; button_one_text_color__hover_enabled=&#8220;off&#8220; button_two_text_color__hover_enabled=&#8220;off&#8220; button_border_width__hover_enabled=&#8220;off&#8220; button_one_border_width__hover_enabled=&#8220;off&#8220; button_two_border_width__hover_enabled=&#8220;off&#8220; button_border_color__hover_enabled=&#8220;off&#8220; button_one_border_color__hover_enabled=&#8220;off&#8220; button_two_border_color__hover_enabled=&#8220;off&#8220; button_border_radius__hover_enabled=&#8220;off&#8220; button_one_border_radius__hover_enabled=&#8220;off&#8220; button_two_border_radius__hover_enabled=&#8220;off&#8220; button_letter_spacing__hover_enabled=&#8220;off&#8220; button_one_letter_spacing__hover_enabled=&#8220;off&#8220; button_two_letter_spacing__hover_enabled=&#8220;off&#8220; button_bg_color__hover_enabled=&#8220;off&#8220; button_one_bg_color__hover_enabled=&#8220;off&#8220; button_two_bg_color__hover_enabled=&#8220;off&#8220;][\/et_pb_contact_field][et_pb_contact_field field_id=&#8220;message&#8220; field_title=&#8220;Nachricht (optional)&#8220; required_mark=&#8220;off&#8220; fullwidth_field=&#8220;on&#8220; _builder_version=&#8220;4.16&#8243; _module_preset=&#8220;default&#8220; global_colors_info=&#8220;{}&#8220;][\/et_pb_contact_field][\/et_pb_contact_form][\/et_pb_column][\/et_pb_row][\/et_pb_section]<\/p>\n","protected":false},"excerpt":{"rendered":"<p>Przelewy24 &nbsp; Przelewy24 ist der gr\u00f6\u00dfte Online-Zahlungsanbieter in Polen und bietet innovative L\u00f6sungen f\u00fcr den E-Commerce. Mit Przelewy24 k\u00f6nnen Nutzer Transaktionen \u00fcber alle Ger\u00e4te durchf\u00fchren und auf eine Vielzahl von Zahlungsmethoden zugreifen, darunter Schnell\u00fcberweisungen, BLIK, Kartenzahlungen, mobile Zahlungen (wie Apple Pay und Google Pay), elektronische Geldb\u00f6rsen und Ratenzahlungen. Przelewy24 ist landesweit mit \u00fcber 165 Banken [&hellip;]<\/p>\n","protected":false},"author":1,"featured_media":0,"parent":251687,"menu_order":0,"comment_status":"closed","ping_status":"closed","template":"","meta":{"_et_pb_use_builder":"on","_et_pb_old_content":"","_et_gb_content_width":"","footnotes":""},"class_list":["post-252955","page","type-page","status-publish","hentry"],"yoast_head":"<!-- This site is optimized with the Yoast SEO plugin v27.5 - https:\/\/yoast.com\/product\/yoast-seo-wordpress\/ -->\n<title>Przelewy24<\/title>\n<meta name=\"description\" content=\"Przelewy24 erm\u00f6glicht es polnischen Verbrauchern, \u00dcberweisungen in Echtzeit direkt von ihrer Online-Banking-Plattform aus durchzuf\u00fchren. Die Plattform leitet die Kunden zur Zahlungsauthentifizierung auf ihre Website weiter und sorgt f\u00fcr eine sofortige Benachrichtigung \u00fcber das Ergebnis der Transaktion.\" \/>\n<meta name=\"robots\" content=\"index, follow, max-snippet:-1, max-image-preview:large, max-video-preview:-1\" \/>\n<link rel=\"canonical\" href=\"https:\/\/www.ecomstream.eu\/de\/zahlungsmoeglichkeiten\/przelewy24\/\" \/>\n<meta property=\"og:locale\" content=\"de_DE\" \/>\n<meta property=\"og:type\" content=\"article\" \/>\n<meta property=\"og:title\" content=\"Przelewy24\" \/>\n<meta property=\"og:description\" content=\"Przelewy24 erm\u00f6glicht es polnischen Verbrauchern, \u00dcberweisungen in Echtzeit direkt von ihrer Online-Banking-Plattform aus durchzuf\u00fchren. Die Plattform leitet die Kunden zur Zahlungsauthentifizierung auf ihre Website weiter und sorgt f\u00fcr eine sofortige Benachrichtigung \u00fcber das Ergebnis der Transaktion.\" \/>\n<meta property=\"og:url\" content=\"https:\/\/www.ecomstream.eu\/de\/zahlungsmoeglichkeiten\/przelewy24\/\" \/>\n<meta property=\"og:site_name\" content=\"EcomStream\" \/>\n<meta property=\"article:modified_time\" content=\"2024-05-16T13:00:12+00:00\" \/>\n<meta property=\"og:image\" content=\"https:\/\/www.ecomstream.eu\/wp-content\/uploads\/EcomStream_logo_png.png\" \/>\n\t<meta property=\"og:image:width\" content=\"2614\" \/>\n\t<meta property=\"og:image:height\" content=\"1100\" \/>\n\t<meta property=\"og:image:type\" content=\"image\/png\" \/>\n<meta name=\"twitter:card\" content=\"summary_large_image\" \/>\n<meta name=\"twitter:site\" content=\"@EcomStream\" \/>\n<meta name=\"twitter:label1\" content=\"Gesch\u00e4tzte Lesezeit\" \/>\n\t<meta name=\"twitter:data1\" content=\"5\u00a0Minuten\" \/>\n<script type=\"application\/ld+json\" class=\"yoast-schema-graph\">{\"@context\":\"https:\\\/\\\/schema.org\",\"@graph\":[{\"@type\":\"WebPage\",\"@id\":\"https:\\\/\\\/www.ecomstream.eu\\\/de\\\/zahlungsmoeglichkeiten\\\/przelewy24\\\/\",\"url\":\"https:\\\/\\\/www.ecomstream.eu\\\/de\\\/zahlungsmoeglichkeiten\\\/przelewy24\\\/\",\"name\":\"Przelewy24\",\"isPartOf\":{\"@id\":\"https:\\\/\\\/www.ecomstream.eu\\\/de\\\/#website\"},\"datePublished\":\"2024-05-16T13:00:10+00:00\",\"dateModified\":\"2024-05-16T13:00:12+00:00\",\"description\":\"Przelewy24 erm\u00f6glicht es polnischen Verbrauchern, \u00dcberweisungen in Echtzeit direkt von ihrer Online-Banking-Plattform aus durchzuf\u00fchren. Die Plattform leitet die Kunden zur Zahlungsauthentifizierung auf ihre Website weiter und sorgt f\u00fcr eine sofortige Benachrichtigung \u00fcber das Ergebnis der Transaktion.\",\"breadcrumb\":{\"@id\":\"https:\\\/\\\/www.ecomstream.eu\\\/de\\\/zahlungsmoeglichkeiten\\\/przelewy24\\\/#breadcrumb\"},\"inLanguage\":\"de\",\"potentialAction\":[{\"@type\":\"ReadAction\",\"target\":[\"https:\\\/\\\/www.ecomstream.eu\\\/de\\\/zahlungsmoeglichkeiten\\\/przelewy24\\\/\"]}]},{\"@type\":\"BreadcrumbList\",\"@id\":\"https:\\\/\\\/www.ecomstream.eu\\\/de\\\/zahlungsmoeglichkeiten\\\/przelewy24\\\/#breadcrumb\",\"itemListElement\":[{\"@type\":\"ListItem\",\"position\":1,\"name\":\"Home\",\"item\":\"https:\\\/\\\/www.ecomstream.eu\\\/de\\\/optimierung-von-ihre-zahlungsloesungen-2-2\\\/\"},{\"@type\":\"ListItem\",\"position\":2,\"name\":\"Zahlungsm\u00f6glichkeiten\",\"item\":\"https:\\\/\\\/www.ecomstream.eu\\\/de\\\/zahlungsmoeglichkeiten\\\/\"},{\"@type\":\"ListItem\",\"position\":3,\"name\":\"Przelewy24\"}]},{\"@type\":\"WebSite\",\"@id\":\"https:\\\/\\\/www.ecomstream.eu\\\/de\\\/#website\",\"url\":\"https:\\\/\\\/www.ecomstream.eu\\\/de\\\/\",\"name\":\"EcomStream\",\"description\":\"Optimization of payment solutions\",\"publisher\":{\"@id\":\"https:\\\/\\\/www.ecomstream.eu\\\/de\\\/#organization\"},\"potentialAction\":[{\"@type\":\"SearchAction\",\"target\":{\"@type\":\"EntryPoint\",\"urlTemplate\":\"https:\\\/\\\/www.ecomstream.eu\\\/de\\\/?s={search_term_string}\"},\"query-input\":{\"@type\":\"PropertyValueSpecification\",\"valueRequired\":true,\"valueName\":\"search_term_string\"}}],\"inLanguage\":\"de\"},{\"@type\":\"Organization\",\"@id\":\"https:\\\/\\\/www.ecomstream.eu\\\/de\\\/#organization\",\"name\":\"EcomStream\",\"url\":\"https:\\\/\\\/www.ecomstream.eu\\\/de\\\/\",\"logo\":{\"@type\":\"ImageObject\",\"inLanguage\":\"de\",\"@id\":\"https:\\\/\\\/www.ecomstream.eu\\\/de\\\/#\\\/schema\\\/logo\\\/image\\\/\",\"url\":\"https:\\\/\\\/www.ecomstream.eu\\\/wp-content\\\/uploads\\\/cropped-icon-EcomStream.png\",\"contentUrl\":\"https:\\\/\\\/www.ecomstream.eu\\\/wp-content\\\/uploads\\\/cropped-icon-EcomStream.png\",\"width\":512,\"height\":512,\"caption\":\"EcomStream\"},\"image\":{\"@id\":\"https:\\\/\\\/www.ecomstream.eu\\\/de\\\/#\\\/schema\\\/logo\\\/image\\\/\"},\"sameAs\":[\"https:\\\/\\\/x.com\\\/EcomStream\",\"https:\\\/\\\/www.instagram.com\\\/ecomstream.eu\\\/\",\"https:\\\/\\\/www.linkedin.com\\\/company\\\/25017881\\\/\",\"https:\\\/\\\/www.youtube.com\\\/watch?v=4jWi9TdmQVs\"]}]}<\/script>\n<!-- \/ Yoast SEO plugin. -->","yoast_head_json":{"title":"Przelewy24","description":"Przelewy24 erm\u00f6glicht es polnischen Verbrauchern, \u00dcberweisungen in Echtzeit direkt von ihrer Online-Banking-Plattform aus durchzuf\u00fchren. Die Plattform leitet die Kunden zur Zahlungsauthentifizierung auf ihre Website weiter und sorgt f\u00fcr eine sofortige Benachrichtigung \u00fcber das Ergebnis der Transaktion.","robots":{"index":"index","follow":"follow","max-snippet":"max-snippet:-1","max-image-preview":"max-image-preview:large","max-video-preview":"max-video-preview:-1"},"canonical":"https:\/\/www.ecomstream.eu\/de\/zahlungsmoeglichkeiten\/przelewy24\/","og_locale":"de_DE","og_type":"article","og_title":"Przelewy24","og_description":"Przelewy24 erm\u00f6glicht es polnischen Verbrauchern, \u00dcberweisungen in Echtzeit direkt von ihrer Online-Banking-Plattform aus durchzuf\u00fchren. Die Plattform leitet die Kunden zur Zahlungsauthentifizierung auf ihre Website weiter und sorgt f\u00fcr eine sofortige Benachrichtigung \u00fcber das Ergebnis der Transaktion.","og_url":"https:\/\/www.ecomstream.eu\/de\/zahlungsmoeglichkeiten\/przelewy24\/","og_site_name":"EcomStream","article_modified_time":"2024-05-16T13:00:12+00:00","og_image":[{"width":2614,"height":1100,"url":"https:\/\/www.ecomstream.eu\/wp-content\/uploads\/EcomStream_logo_png.png","type":"image\/png"}],"twitter_card":"summary_large_image","twitter_site":"@EcomStream","twitter_misc":{"Gesch\u00e4tzte Lesezeit":"5\u00a0Minuten"},"schema":{"@context":"https:\/\/schema.org","@graph":[{"@type":"WebPage","@id":"https:\/\/www.ecomstream.eu\/de\/zahlungsmoeglichkeiten\/przelewy24\/","url":"https:\/\/www.ecomstream.eu\/de\/zahlungsmoeglichkeiten\/przelewy24\/","name":"Przelewy24","isPartOf":{"@id":"https:\/\/www.ecomstream.eu\/de\/#website"},"datePublished":"2024-05-16T13:00:10+00:00","dateModified":"2024-05-16T13:00:12+00:00","description":"Przelewy24 erm\u00f6glicht es polnischen Verbrauchern, \u00dcberweisungen in Echtzeit direkt von ihrer Online-Banking-Plattform aus durchzuf\u00fchren. Die Plattform leitet die Kunden zur Zahlungsauthentifizierung auf ihre Website weiter und sorgt f\u00fcr eine sofortige Benachrichtigung \u00fcber das Ergebnis der Transaktion.","breadcrumb":{"@id":"https:\/\/www.ecomstream.eu\/de\/zahlungsmoeglichkeiten\/przelewy24\/#breadcrumb"},"inLanguage":"de","potentialAction":[{"@type":"ReadAction","target":["https:\/\/www.ecomstream.eu\/de\/zahlungsmoeglichkeiten\/przelewy24\/"]}]},{"@type":"BreadcrumbList","@id":"https:\/\/www.ecomstream.eu\/de\/zahlungsmoeglichkeiten\/przelewy24\/#breadcrumb","itemListElement":[{"@type":"ListItem","position":1,"name":"Home","item":"https:\/\/www.ecomstream.eu\/de\/optimierung-von-ihre-zahlungsloesungen-2-2\/"},{"@type":"ListItem","position":2,"name":"Zahlungsm\u00f6glichkeiten","item":"https:\/\/www.ecomstream.eu\/de\/zahlungsmoeglichkeiten\/"},{"@type":"ListItem","position":3,"name":"Przelewy24"}]},{"@type":"WebSite","@id":"https:\/\/www.ecomstream.eu\/de\/#website","url":"https:\/\/www.ecomstream.eu\/de\/","name":"EcomStream","description":"Optimization of payment solutions","publisher":{"@id":"https:\/\/www.ecomstream.eu\/de\/#organization"},"potentialAction":[{"@type":"SearchAction","target":{"@type":"EntryPoint","urlTemplate":"https:\/\/www.ecomstream.eu\/de\/?s={search_term_string}"},"query-input":{"@type":"PropertyValueSpecification","valueRequired":true,"valueName":"search_term_string"}}],"inLanguage":"de"},{"@type":"Organization","@id":"https:\/\/www.ecomstream.eu\/de\/#organization","name":"EcomStream","url":"https:\/\/www.ecomstream.eu\/de\/","logo":{"@type":"ImageObject","inLanguage":"de","@id":"https:\/\/www.ecomstream.eu\/de\/#\/schema\/logo\/image\/","url":"https:\/\/www.ecomstream.eu\/wp-content\/uploads\/cropped-icon-EcomStream.png","contentUrl":"https:\/\/www.ecomstream.eu\/wp-content\/uploads\/cropped-icon-EcomStream.png","width":512,"height":512,"caption":"EcomStream"},"image":{"@id":"https:\/\/www.ecomstream.eu\/de\/#\/schema\/logo\/image\/"},"sameAs":["https:\/\/x.com\/EcomStream","https:\/\/www.instagram.com\/ecomstream.eu\/","https:\/\/www.linkedin.com\/company\/25017881\/","https:\/\/www.youtube.com\/watch?v=4jWi9TdmQVs"]}]}},"_links":{"self":[{"href":"https:\/\/www.ecomstream.eu\/de\/wp-json\/wp\/v2\/pages\/252955","targetHints":{"allow":["GET"]}}],"collection":[{"href":"https:\/\/www.ecomstream.eu\/de\/wp-json\/wp\/v2\/pages"}],"about":[{"href":"https:\/\/www.ecomstream.eu\/de\/wp-json\/wp\/v2\/types\/page"}],"author":[{"embeddable":true,"href":"https:\/\/www.ecomstream.eu\/de\/wp-json\/wp\/v2\/users\/1"}],"replies":[{"embeddable":true,"href":"https:\/\/www.ecomstream.eu\/de\/wp-json\/wp\/v2\/comments?post=252955"}],"version-history":[{"count":2,"href":"https:\/\/www.ecomstream.eu\/de\/wp-json\/wp\/v2\/pages\/252955\/revisions"}],"predecessor-version":[{"id":252957,"href":"https:\/\/www.ecomstream.eu\/de\/wp-json\/wp\/v2\/pages\/252955\/revisions\/252957"}],"up":[{"embeddable":true,"href":"https:\/\/www.ecomstream.eu\/de\/wp-json\/wp\/v2\/pages\/251687"}],"wp:attachment":[{"href":"https:\/\/www.ecomstream.eu\/de\/wp-json\/wp\/v2\/media?parent=252955"}],"curies":[{"name":"wp","href":"https:\/\/api.w.org\/{rel}","templated":true}]}}